{"id":6435,"date":"2020-01-16T12:48:26","date_gmt":"2020-01-16T11:48:26","guid":{"rendered":"https:\/\/www.ibagsbelts.com\/tienda\/?post_type=product&#038;p=6435"},"modified":"2026-03-15T19:42:20","modified_gmt":"2026-03-15T18:42:20","slug":"cinturon-negro-doble-hebilla","status":"publish","type":"product","link":"https:\/\/www.ibagsbelts.com\/tienda\/producto\/cinturon-negro-doble-hebilla\/","title":{"rendered":"Cintur\u00f3n de cuero negro doble hebilla"},"content":{"rendered":"<p>Este cintur\u00f3n de cuero con correa de remaches parece ser una elecci\u00f3n audaz y elegante. Aqu\u00ed hay algunas caracter\u00edsticas destacadas basadas en la descripci\u00f3n:<\/p>\n<ol>\n<li><strong>Estilo con Remaches:<\/strong> La presencia de remaches sugiere un estilo audaz y moderno, lo cual puede agregar un toque distintivo a tus conjuntos.<\/li>\n<li><strong>Hebilla en Metal:<\/strong> La hebilla en metal agrega un elemento decorativo y puede sugerir durabilidad.<\/li>\n<li><strong>Ajustable:<\/strong> La capacidad de ajustar la hebilla a diferentes tallas hace que sea vers\u00e1til y adecuado para distintos tipos de ropa.<\/li>\n<li><strong>Ancho de 4 cm:<\/strong> Con un ancho de 4 cm, es una opci\u00f3n que puede destacar y ser una pieza central de tu atuendo.<\/li>\n<li><strong>Largo M\u00e1ximo de 100 cm:<\/strong> La longitud de 100 cm permite diversas opciones de uso, ya sea en la cintura o en las caderas.<\/li>\n<li><strong>Composici\u00f3n de Cuero:<\/strong> La presencia de cuero sugiere calidad y resistencia, y tambi\u00e9n aporta un toque cl\u00e1sico.<\/li>\n<li><strong>Estilo Vers\u00e1til:<\/strong> Aunque tiene un toque moderno con los remaches, puede ser vers\u00e1til y adaptarse a diferentes ocasiones y atuendos.<\/li>\n<li><strong>Talla \u00danica:<\/strong> La versatilidad de talla \u00fanica facilita la selecci\u00f3n y compra.<\/li>\n<\/ol>\n<p>Este cintur\u00f3n parece ser una opci\u00f3n llamativa y vers\u00e1til para realzar tus conjuntos. \u00bfNecesitas m\u00e1s informaci\u00f3n o asistencia con algo m\u00e1s?<\/p>\n<p><strong>Aviso importante<\/strong><\/p>\n<p>Todos nuestros productos de cuero est\u00e1n hechos a mano y su nuevo bolso de cuero puede estar sujeta a una variaci\u00f3n natural en tama\u00f1o y color.<\/p>\n<p>Las pieles utilizadas han sido procesadas y curtidas en una de las curtidur\u00edas m\u00e1s antiguas utilizando t\u00e9cnicas centenarias para dar al cuero acabado un aspecto antiguo \/ vintage.<br \/>\nPara los tama\u00f1os, permita 1-2 cm diferencia debido a la medida manual.<br \/>\nLas im\u00e1genes son 100% reales.<br \/>\nDebido al monitor del ordenador y el brillo real de la toma y otras razones, habr\u00e1 una cierta diferencia de color.<\/p>\n<!-- AddThis Advanced Settings generic via filter on the_content --><!-- AddThis Share Buttons generic via filter on the_content -->","protected":false},"excerpt":{"rendered":"<h2><span class=\"c-text c-text--title c-text--left c-text--content\">Cintur\u00f3n negro doble hebilla<\/span><\/h2>\n<p class=\"u-text-wrap\"><span class=\"c-text c-text--body c-text--left c-text--content c-text--format\">Cintur\u00f3n de cuero negro doble hebilla estilo cowboy. I<\/span><span class=\"c-text c-text--body c-text--left c-text--content c-text--format\">deal para tu estilo boho chic. tus outfit m\u00e1s primaverales o del verano.\u00a0<\/span>No puede faltar en tu armario 100% cuero 3 cm de ancho 95 cm de largo.<\/p>\n<p><span class=\"c-text c-text--body c-text--left c-text--content c-text--format\">Se puede hacerse a la medida deseada consultar.<\/span><\/p>\n<h5><a href=\"https:\/\/bit.ly\/TE-AYUDO\"><b>\u00bfAlguna duda? Ponte en contacto con nosotros a trav\u00e9s del bot\u00f3n del chat directo por WhatsApp y te resolveremos las dudas al instante<\/b><\/a><b>!<\/b><\/h5>\n<p><!-- AddThis Advanced Settings generic via filter on get_the_excerpt --><!-- AddThis Share Buttons generic via filter on get_the_excerpt --><\/p>\n","protected":false},"featured_media":6443,"comment_status":"open","ping_status":"closed","template":"","meta":{"om_disable_all_campaigns":false,"_monsterinsights_skip_tracking":false,"_monsterinsights_sitenote_active":false,"_monsterinsights_sitenote_note":"","_monsterinsights_sitenote_category":0,"_uf_show_specific_survey":0,"_uf_disable_surveys":false},"product_brand":[1217],"product_cat":[980],"product_tag":[1087,290,258,332,341,1089,1034,1088],"class_list":{"0":"post-6435","1":"product","2":"type-product","3":"status-publish","4":"has-post-thumbnail","6":"product_brand-ibags-belts","7":"product_cat-cinturones-lisos","8":"product_tag-cinto","9":"product_tag-cinturon","10":"product_tag-cinturon-cuero-cowboy-cinturon-cuero-de-vaca-cinturon-de-cuero-artesanal-bolso-de-cuero-cinturon-cuero-para-hombre-cinturon-para-mujer","11":"product_tag-cinturon-cuero","12":"product_tag-cinturon-cuero-boho-chic","13":"product_tag-cinturon-piel","14":"product_tag-cinturones","15":"product_tag-correa","17":"first","18":"instock","19":"shipping-taxable","20":"purchasable","21":"product-type-simple","22":"add-to-wishlist-after_add_to_cart","23":"layout-style-1","24":"col-md-4 col-sm-4 col-xs-6","25":"col-lg-3","26":"product-has-gallery","27":"product-style-default"},"aioseo_notices":[],"_links":{"self":[{"href":"https:\/\/www.ibagsbelts.com\/tienda\/wp-json\/wp\/v2\/product\/6435","targetHints":{"allow":["GET"]}}],"collection":[{"href":"https:\/\/www.ibagsbelts.com\/tienda\/wp-json\/wp\/v2\/product"}],"about":[{"href":"https:\/\/www.ibagsbelts.com\/tienda\/wp-json\/wp\/v2\/types\/product"}],"replies":[{"embeddable":true,"href":"https:\/\/www.ibagsbelts.com\/tienda\/wp-json\/wp\/v2\/comments?post=6435"}],"wp:featuredmedia":[{"embeddable":true,"href":"https:\/\/www.ibagsbelts.com\/tienda\/wp-json\/wp\/v2\/media\/6443"}],"wp:attachment":[{"href":"https:\/\/www.ibagsbelts.com\/tienda\/wp-json\/wp\/v2\/media?parent=6435"}],"wp:term":[{"taxonomy":"product_brand","embeddable":true,"href":"https:\/\/www.ibagsbelts.com\/tienda\/wp-json\/wp\/v2\/product_brand?post=6435"},{"taxonomy":"product_cat","embeddable":true,"href":"https:\/\/www.ibagsbelts.com\/tienda\/wp-json\/wp\/v2\/product_cat?post=6435"},{"taxonomy":"product_tag","embeddable":true,"href":"https:\/\/www.ibagsbelts.com\/tienda\/wp-json\/wp\/v2\/product_tag?post=6435"}],"curies":[{"name":"wp","href":"https:\/\/api.w.org\/{rel}","templated":true}]}}