{"id":6654,"date":"2020-01-27T19:07:54","date_gmt":"2020-01-27T18:07:54","guid":{"rendered":"https:\/\/www.ibagsbelts.com\/tienda\/?post_type=product&#038;p=6654"},"modified":"2026-03-15T19:34:08","modified_gmt":"2026-03-15T18:34:08","slug":"bandolera-redonda-sol-negra","status":"publish","type":"product","link":"https:\/\/www.ibagsbelts.com\/tienda\/producto\/bandolera-redonda-sol-negra\/","title":{"rendered":"Bandolera redonda de cuero con sol en color negro Beca"},"content":{"rendered":"<p>Esta bandolera redonda mini en color negro con un dise\u00f1o de sol en la parte frontal suena encantadora y elegante. Aqu\u00ed hay algunos puntos clave basados en la descripci\u00f3n:<\/p>\n<ol>\n<li><strong>Material y Color:<\/strong> Fabricada en cuero y de color negro, lo cual proporciona un aspecto cl\u00e1sico y vers\u00e1til. El dise\u00f1o hecho a mano del sol podr\u00eda agregar un toque distintivo.<\/li>\n<li><strong>Cierre de Cremallera:<\/strong> La presencia de un cierre de cremallera proporciona seguridad y mantiene los art\u00edculos del interior protegidos.<\/li>\n<li><strong>Asa Larga:<\/strong> La asa larga agrega comodidad y versatilidad, permiti\u00e9ndote llevar la bandolera de diferentes maneras, ya sea cruzada sobre el cuerpo o sobre el hombro.<\/li>\n<li><strong>Bolsillo Posterior con Cremallera:<\/strong> La inclusi\u00f3n de un bolsillo posterior con cremallera es pr\u00e1ctica para guardar art\u00edculos que necesitas acceder f\u00e1cilmente o para mayor seguridad.<\/li>\n<li><strong>Forro Interior:<\/strong> El forro interior sugiere una atenci\u00f3n cuidadosa a los detalles y puede proteger el contenido del bolso.<\/li>\n<li><strong>Dimensiones Apropiadas:<\/strong> Con unas medidas de 20 cm x 7 cm, parece ser lo suficientemente compacta para llevar lo esencial sin ser demasiado grande.<\/li>\n<\/ol>\n<p>En general, esta bandolera redonda mini parece ser una opci\u00f3n elegante y funcional. \u00bfHay algo m\u00e1s espec\u00edfico que te gustar\u00eda saber o explorar?<\/p>\n<p><strong>Aviso importante<\/strong><\/p>\n<p>Todos nuestros productos de cuero est\u00e1n hechos a mano y su nueva bolsa de cuero puede estar sujeta a una variaci\u00f3n natural en tama\u00f1o y color.<br \/>\nPara los tama\u00f1os, permita 1-2 cm difiere debido a la medida manual.<br \/>\nLas im\u00e1genes son 100% reales.<br \/>\nDebido al monitor del ordenador y el brillo real de la toma y otras razones, habr\u00e1 una cierta diferencia de color.<\/p>\n<!-- AddThis Advanced Settings generic via filter on the_content --><!-- AddThis Share Buttons generic via filter on the_content -->","protected":false},"excerpt":{"rendered":"<h2>Bandolera redonda mini en color negro con dise\u00f1o de sol en cuero hecho a mano en la parte frontal.<\/h2>\n<h3>Tiene cierre de cremallera, asa larga y dispone de un bolsillo posterior con cremallera.<\/h3>\n<h4>Forro interior medidas del bolso 20 cm X 7 cm<\/h4>\n<h5><strong>\u00bfAlguna duda? Ponte en contacto con nosotros a trav\u00e9s del bot\u00f3n del chat directo por whatsApp y te resolveremos las dudas al instante!<\/strong><\/h5>\n<p><!-- AddThis Advanced Settings generic via filter on get_the_excerpt --><!-- AddThis Share Buttons generic via filter on get_the_excerpt --><\/p>\n","protected":false},"featured_media":14804,"comment_status":"open","ping_status":"closed","template":"","meta":{"om_disable_all_campaigns":false,"_monsterinsights_skip_tracking":false,"_monsterinsights_sitenote_active":false,"_monsterinsights_sitenote_note":"","_monsterinsights_sitenote_category":0,"_uf_show_specific_survey":0,"_uf_disable_surveys":false},"product_brand":[1217],"product_cat":[240],"product_tag":[301,877,737,266,327,299,305,315,777,316,255,743,746],"class_list":{"0":"post-6654","1":"product","2":"type-product","3":"status-publish","4":"has-post-thumbnail","6":"product_brand-ibags-belts","7":"product_cat-bolsos-bandoleras-de-cuero-artesanal","8":"product_tag-bandolera","9":"product_tag-bandoleras","10":"product_tag-bohochic","11":"product_tag-bolso-bohemian-bolso-cuero-repujado-bolsos-cuero-retro-bolso-shopper-cuero-bolso-cuero-trenzado-bolso-cuero-troquelado","12":"product_tag-bolso-bandolera-cuero-bicolor","13":"product_tag-bolso-cuero","14":"product_tag-bolso-cuero-artesanal","15":"product_tag-bolso-cuero-artesano","16":"product_tag-bolso-cuero-bandoleras","17":"product_tag-bolso-cuero-con-tachuelas","18":"product_tag-bolso-cuero-mujer","19":"product_tag-estilo-boho","20":"product_tag-estilo-hippiechic","22":"first","23":"instock","24":"shipping-taxable","25":"purchasable","26":"product-type-simple","27":"add-to-wishlist-after_add_to_cart","28":"layout-style-1","29":"col-md-4 col-sm-4 col-xs-6","30":"col-lg-3","31":"product-has-gallery","32":"product-style-default"},"aioseo_notices":[],"_links":{"self":[{"href":"https:\/\/www.ibagsbelts.com\/tienda\/wp-json\/wp\/v2\/product\/6654","targetHints":{"allow":["GET"]}}],"collection":[{"href":"https:\/\/www.ibagsbelts.com\/tienda\/wp-json\/wp\/v2\/product"}],"about":[{"href":"https:\/\/www.ibagsbelts.com\/tienda\/wp-json\/wp\/v2\/types\/product"}],"replies":[{"embeddable":true,"href":"https:\/\/www.ibagsbelts.com\/tienda\/wp-json\/wp\/v2\/comments?post=6654"}],"wp:featuredmedia":[{"embeddable":true,"href":"https:\/\/www.ibagsbelts.com\/tienda\/wp-json\/wp\/v2\/media\/14804"}],"wp:attachment":[{"href":"https:\/\/www.ibagsbelts.com\/tienda\/wp-json\/wp\/v2\/media?parent=6654"}],"wp:term":[{"taxonomy":"product_brand","embeddable":true,"href":"https:\/\/www.ibagsbelts.com\/tienda\/wp-json\/wp\/v2\/product_brand?post=6654"},{"taxonomy":"product_cat","embeddable":true,"href":"https:\/\/www.ibagsbelts.com\/tienda\/wp-json\/wp\/v2\/product_cat?post=6654"},{"taxonomy":"product_tag","embeddable":true,"href":"https:\/\/www.ibagsbelts.com\/tienda\/wp-json\/wp\/v2\/product_tag?post=6654"}],"curies":[{"name":"wp","href":"https:\/\/api.w.org\/{rel}","templated":true}]}}