{"id":7112,"date":"2020-03-11T21:19:33","date_gmt":"2020-03-11T20:19:33","guid":{"rendered":"https:\/\/www.ibagsbelts.com\/tienda\/?post_type=product&#038;p=7112"},"modified":"2026-03-15T19:11:28","modified_gmt":"2026-03-15T18:11:28","slug":"monedero-mini-de-cuero-marron","status":"publish","type":"product","link":"https:\/\/www.ibagsbelts.com\/tienda\/producto\/monedero-mini-de-cuero-marron\/","title":{"rendered":"Monedero mini de cuero tallado marr\u00f3n Jade"},"content":{"rendered":"<p style=\"text-align: left;\">El monedero MINI de cuero aut\u00e9ntico parece ser una opci\u00f3n encantadora y compacta. Aqu\u00ed tienes un resumen de sus caracter\u00edsticas:<\/p>\n<ol style=\"text-align: left;\">\n<li><strong>Material y Construcci\u00f3n:<\/strong>\n<ul>\n<li><strong>Cuero Aut\u00e9ntico:<\/strong> Garant\u00eda de durabilidad y calidad.<\/li>\n<li><strong>Relieve en el Cuero:<\/strong> Agrega un toque distintivo y original.<\/li>\n<\/ul>\n<\/li>\n<li><strong>Dise\u00f1o Pr\u00e1ctico:<\/strong>\n<ul>\n<li><strong>Forma de Sobre:<\/strong> Estilo cl\u00e1sico y compacto.<\/li>\n<li><strong>Cierre de Broche:<\/strong> Seguro y f\u00e1cil de abrir y cerrar.<\/li>\n<li><strong>Interior Forrado:<\/strong> Mayor durabilidad y protecci\u00f3n.<\/li>\n<li><strong>Bolsillo con Cremallera en el Interior:<\/strong> Para art\u00edculos m\u00e1s peque\u00f1os y valiosos.<\/li>\n<li><strong>Bolsillo Trasero Adicional con Cremallera:<\/strong> Ideal para seguridad adicional y acceso r\u00e1pido.<\/li>\n<\/ul>\n<\/li>\n<li><strong>Usos Vers\u00e1tiles:<\/strong>\n<ul>\n<li><strong>Cambio Suelto, Maquillaje, Auriculares, Cargadores, Llaves, Joyas, P\u00edldoras:<\/strong> Espacio adecuado para una variedad de art\u00edculos esenciales diarios.<\/li>\n<\/ul>\n<\/li>\n<li><strong>Tama\u00f1o Compacto:<\/strong>\n<ul>\n<li><strong>Ideal para Bolsos o Bolsillos Peque\u00f1os:<\/strong> Perfecto para organizar peque\u00f1os art\u00edculos de manera eficiente.<\/li>\n<\/ul>\n<\/li>\n<li><strong>Medidas:<\/strong>\n<ul>\n<li><strong>Alto:\u00a0<\/strong>14cm\u00a0<strong>Ancho: 9cm\u00a0<\/strong>\u00a0<strong>Fondo: 1cm<\/strong><\/li>\n<li>Este monedero MINI parece ser una elecci\u00f3n conveniente y con estilo para aquellas personas que buscan un accesorio compacto pero funcional. \u00bfHay algo m\u00e1s que te gustar\u00eda saber o explorar sobre este monedero MINI?<\/li>\n<\/ul>\n<\/li>\n<\/ol>\n<p style=\"text-align: left;\"><strong>Aviso importante<\/strong><\/p>\n<p>Todos nuestros productos de cuero est\u00e1n hechos a mano y su nueva bolsa de cuero puede estar sujeta a una variaci\u00f3n natural en tama\u00f1o y color.<br \/>\nPara los tama\u00f1os, permita 1-2 cm difiere debido a la medida manual.<br \/>\nLas im\u00e1genes son 100% reales.<br \/>\nDebido al monitor del ordenador y el brillo real de la toma y otras razones, habr\u00e1 una cierta diferencia de color.<\/p>\n<!-- AddThis Advanced Settings generic via filter on the_content --><!-- AddThis Share Buttons generic via filter on the_content -->","protected":false},"excerpt":{"rendered":"<h2>Este lindo monedero mini boho de cuero aut\u00e9ntico.<\/h2>\n<h3>Su relieve en el cuero le da un toque de originalidad.\u00a0Su forma de sobre con cierre de broche, su interior forrado y bolsillo con cremallera. En la parte de atr\u00e1s peque\u00f1o bolsillo con cremallera<\/h3>\n<h4>Es perfecta para el cambio suelto, para el maquillaje, para auriculares, para cargadores de tel\u00e9fonos , llaves, joyas, p\u00edldoras o cualquier cosa que desee organizar en su bolso con mucho estilo.<\/h4>\n<h4>Tama\u00f1o: Longitud x Ancho x Altura = 14 cm x 1 cm x 9 cm.<\/h4>\n<h5><strong>\u00bfAlguna duda? Ponte en contacto con nosotros a trav\u00e9s del bot\u00f3n del chat directo por whatsApp y te resolveremos las dudas al instante!<\/strong><\/h5>\n<p><!-- AddThis Advanced Settings generic via filter on get_the_excerpt --><!-- AddThis Share Buttons generic via filter on get_the_excerpt --><\/p>\n","protected":false},"featured_media":7100,"comment_status":"open","ping_status":"closed","template":"","meta":{"om_disable_all_campaigns":false,"_monsterinsights_skip_tracking":false,"_monsterinsights_sitenote_active":false,"_monsterinsights_sitenote_note":"","_monsterinsights_sitenote_category":0,"_uf_show_specific_survey":0,"_uf_disable_surveys":false},"product_brand":[1217],"product_cat":[1301,1299,1302],"product_tag":[1096,881,885,743,745,746,873,1102,1037],"class_list":{"0":"post-7112","1":"product","2":"type-product","3":"status-publish","4":"has-post-thumbnail","6":"product_brand-ibags-belts","7":"product_cat-billeteras","8":"product_cat-carteras","9":"product_cat-monederos-largos","10":"product_tag-artesania","11":"product_tag-billetero","12":"product_tag-cartera","13":"product_tag-estilo-boho","14":"product_tag-estilo-hippie","15":"product_tag-estilo-hippiechic","16":"product_tag-monedero","17":"product_tag-piel","18":"product_tag-tarjetero","20":"first","21":"instock","22":"shipping-taxable","23":"purchasable","24":"product-type-simple","25":"add-to-wishlist-after_add_to_cart","26":"layout-style-1","27":"col-md-4 col-sm-4 col-xs-6","28":"col-lg-3","29":"product-has-gallery","30":"product-style-default"},"aioseo_notices":[],"_links":{"self":[{"href":"https:\/\/www.ibagsbelts.com\/tienda\/wp-json\/wp\/v2\/product\/7112","targetHints":{"allow":["GET"]}}],"collection":[{"href":"https:\/\/www.ibagsbelts.com\/tienda\/wp-json\/wp\/v2\/product"}],"about":[{"href":"https:\/\/www.ibagsbelts.com\/tienda\/wp-json\/wp\/v2\/types\/product"}],"replies":[{"embeddable":true,"href":"https:\/\/www.ibagsbelts.com\/tienda\/wp-json\/wp\/v2\/comments?post=7112"}],"wp:featuredmedia":[{"embeddable":true,"href":"https:\/\/www.ibagsbelts.com\/tienda\/wp-json\/wp\/v2\/media\/7100"}],"wp:attachment":[{"href":"https:\/\/www.ibagsbelts.com\/tienda\/wp-json\/wp\/v2\/media?parent=7112"}],"wp:term":[{"taxonomy":"product_brand","embeddable":true,"href":"https:\/\/www.ibagsbelts.com\/tienda\/wp-json\/wp\/v2\/product_brand?post=7112"},{"taxonomy":"product_cat","embeddable":true,"href":"https:\/\/www.ibagsbelts.com\/tienda\/wp-json\/wp\/v2\/product_cat?post=7112"},{"taxonomy":"product_tag","embeddable":true,"href":"https:\/\/www.ibagsbelts.com\/tienda\/wp-json\/wp\/v2\/product_tag?post=7112"}],"curies":[{"name":"wp","href":"https:\/\/api.w.org\/{rel}","templated":true}]}}