{"id":743,"date":"2017-10-31T16:25:31","date_gmt":"2017-10-31T15:25:31","guid":{"rendered":"http:\/\/www.ibagsbelts.com\/?post_type=product&#038;p=743"},"modified":"2026-03-15T21:38:57","modified_gmt":"2026-03-15T20:38:57","slug":"bolso-bandolera-de-cuero-con-hebilla-cordoba","status":"publish","type":"product","link":"https:\/\/www.ibagsbelts.com\/tienda\/producto\/bolso-bandolera-de-cuero-con-hebilla-cordoba\/","title":{"rendered":"Bolso bandolera de cuero Marroqu\u00ed con hebilla Cordoba"},"content":{"rendered":"<p style=\"text-align: left;\">Emb\u00e1rcate en la belleza \u00fanica de nuestro bolso de cuero hecho a mano, una pieza exquisita que destaca por su hermoso color, dise\u00f1o distintivo y un toque salvaje que surge de la fusi\u00f3n de dos tipos de cuero.<\/p>\n<p style=\"text-align: left;\">Este bolso no solo es una expresi\u00f3n de artesan\u00eda excepcional, sino que tambi\u00e9n es pr\u00e1ctico y funcional. En su exterior, encontrar\u00e1s peque\u00f1os bolsillos con cierres a presi\u00f3n, proporcionando un acceso r\u00e1pido y seguro a tus pertenencias esenciales. Esta caracter\u00edstica no solo es conveniente, sino que tambi\u00e9n a\u00f1ade un elemento de estilo a la apariencia general del bolso.<\/p>\n<p style=\"text-align: left;\">La combinaci\u00f3n de colores y texturas de los cueros utilizados agrega un toque \u00fanico y salvaje, creando un accesorio que se destaca en cualquier ocasi\u00f3n. Este bolso es m\u00e1s que una pieza de moda; es una declaraci\u00f3n de autenticidad y estilo personal.<\/p>\n<p style=\"text-align: left;\">Descubre la elegancia artesanal y la funcionalidad inteligente con nuestro bolso de cuero hecho a mano. Disfruta de la belleza y la versatilidad de este accesorio que no solo complementa tu estilo, sino que tambi\u00e9n se convierte en una expresi\u00f3n de tu individualidad.<\/p>\n<p style=\"text-align: left;\"><strong>Aviso importante<\/strong><\/p>\n<p style=\"text-align: left;\">Todos nuestros productos de cuero est\u00e1n hechos a mano y su nueva bolsa de cuero puede estar sujeta a una variaci\u00f3n natural en tama\u00f1o y color.<br \/>\nPara los tama\u00f1os, permita 1-2 cm difiere debido a la medida manual.<br \/>\nLas im\u00e1genes son 100% reales.<br \/>\nDebido al monitor del ordenador y el brillo real de la toma y otras razones, habr\u00e1 una cierta diferencia de color.<\/p>\n<p>&nbsp;<\/p>\n<!-- AddThis Advanced Settings generic via filter on the_content --><!-- AddThis Share Buttons generic via filter on the_content -->","protected":false},"excerpt":{"rendered":"<h2 style=\"text-align: center;\">Bolso de cuero hecha a mano muy bonito ya por su color su dise\u00f1o y un toque salvaje al unir dos tipos de cuero.<\/h2>\n<h3 style=\"text-align: center;\">En el exterior hay un\u00a0 bolsillos peque\u00f1os con cierres con clics para facilitar que lo que necesites en el momento lo tengas a mano y protegido.<\/h3>\n<h4 style=\"text-align: center;\">Medidas 30 cm largo x 24 alto x 8 cm.<\/h4>\n<h5 style=\"text-align: center;\"><strong>\u00bfAlguna duda? Ponte en contacto con nosotros a trav\u00e9s del bot\u00f3n del chat directo por whatsApp y te resolveremos las dudas al instante!<\/strong><\/h5>\n<p><!-- AddThis Advanced Settings generic via filter on get_the_excerpt --><!-- AddThis Share Buttons generic via filter on get_the_excerpt --><\/p>\n","protected":false},"featured_media":10425,"comment_status":"open","ping_status":"closed","template":"","meta":{"om_disable_all_campaigns":false,"_monsterinsights_skip_tracking":false,"_monsterinsights_sitenote_active":false,"_monsterinsights_sitenote_note":"","_monsterinsights_sitenote_category":0,"_uf_show_specific_survey":0,"_uf_disable_surveys":false},"product_brand":[1217],"product_cat":[240],"product_tag":[266,305,297,298],"class_list":{"0":"post-743","1":"product","2":"type-product","3":"status-publish","4":"has-post-thumbnail","6":"product_brand-ibags-belts","7":"product_cat-bolsos-bandoleras-de-cuero-artesanal","8":"product_tag-bolso-bohemian-bolso-cuero-repujado-bolsos-cuero-retro-bolso-shopper-cuero-bolso-cuero-trenzado-bolso-cuero-troquelado","9":"product_tag-bolso-cuero-artesanal","10":"product_tag-bolso-cuero-marroqui","11":"product_tag-bolso-cuero-natural","13":"first","14":"instock","15":"shipping-taxable","16":"purchasable","17":"product-type-variable","18":"add-to-wishlist-after_add_to_cart","19":"layout-style-1","20":"col-md-4 col-sm-4 col-xs-6","21":"col-lg-3","22":"product-has-gallery","23":"product-style-default"},"aioseo_notices":[],"_links":{"self":[{"href":"https:\/\/www.ibagsbelts.com\/tienda\/wp-json\/wp\/v2\/product\/743","targetHints":{"allow":["GET"]}}],"collection":[{"href":"https:\/\/www.ibagsbelts.com\/tienda\/wp-json\/wp\/v2\/product"}],"about":[{"href":"https:\/\/www.ibagsbelts.com\/tienda\/wp-json\/wp\/v2\/types\/product"}],"replies":[{"embeddable":true,"href":"https:\/\/www.ibagsbelts.com\/tienda\/wp-json\/wp\/v2\/comments?post=743"}],"wp:featuredmedia":[{"embeddable":true,"href":"https:\/\/www.ibagsbelts.com\/tienda\/wp-json\/wp\/v2\/media\/10425"}],"wp:attachment":[{"href":"https:\/\/www.ibagsbelts.com\/tienda\/wp-json\/wp\/v2\/media?parent=743"}],"wp:term":[{"taxonomy":"product_brand","embeddable":true,"href":"https:\/\/www.ibagsbelts.com\/tienda\/wp-json\/wp\/v2\/product_brand?post=743"},{"taxonomy":"product_cat","embeddable":true,"href":"https:\/\/www.ibagsbelts.com\/tienda\/wp-json\/wp\/v2\/product_cat?post=743"},{"taxonomy":"product_tag","embeddable":true,"href":"https:\/\/www.ibagsbelts.com\/tienda\/wp-json\/wp\/v2\/product_tag?post=743"}],"curies":[{"name":"wp","href":"https:\/\/api.w.org\/{rel}","templated":true}]}}