{"id":8420,"date":"2020-07-11T18:08:00","date_gmt":"2020-07-11T16:08:00","guid":{"rendered":"https:\/\/www.ibagsbelts.com\/tienda\/?post_type=product&#038;p=8420"},"modified":"2026-03-15T16:34:45","modified_gmt":"2026-03-15T15:34:45","slug":"maletin-de-cuero-retro-natural","status":"publish","type":"product","link":"https:\/\/www.ibagsbelts.com\/tienda\/producto\/maletin-de-cuero-retro-natural\/","title":{"rendered":"Malet\u00edn de cuero retro natural Marlon"},"content":{"rendered":"<div class=\"flex-1 overflow-hidden\">\n<div class=\"react-scroll-to-bottom--css-iqels-79elbk h-full\">\n<div class=\"react-scroll-to-bottom--css-iqels-1n7m0yu\">\n<div class=\"flex flex-col text-sm pb-9\">\n<div class=\"w-full text-token-text-primary\" data-testid=\"conversation-turn-342\">\n<div class=\"px-4 py-2 justify-center text-base md:gap-6 m-auto\">\n<div class=\"flex flex-1 text-base mx-auto gap-3 md:px-5 lg:px-1 xl:px-5 md:max-w-3xl lg:max-w-[40rem] xl:max-w-[48rem] group final-completion\">\n<div class=\"relative flex w-full flex-col agent-turn\">\n<div class=\"flex-col gap-1 md:gap-3\">\n<div class=\"flex flex-grow flex-col max-w-full\">\n<div class=\"min-h-[20px] text-message flex flex-col items-start gap-3 whitespace-pre-wrap break-words [.text-message+&amp;]:mt-5 overflow-x-auto\" data-message-author-role=\"assistant\" data-message-id=\"5217b5f8-8800-4594-871c-c844dc8ba371\">\n<div class=\"markdown prose w-full break-words dark:prose-invert light\">\n<p style=\"text-align: left;\">Aqu\u00ed est\u00e1 un resumen de las caracter\u00edsticas clave del malet\u00edn:<\/p>\n<ol style=\"text-align: left;\">\n<li><strong>Dise\u00f1o y Estilo:<\/strong>\n<ul>\n<li><strong>Realizado Artesanalmente:<\/strong> Enfatiza la calidad y la atenci\u00f3n a los detalles.<\/li>\n<li><strong>Estilo Retro:<\/strong> Un toque cl\u00e1sico que atrae.<\/li>\n<\/ul>\n<\/li>\n<li><strong>Espacio Bien Repartido:<\/strong>\n<ul>\n<li><strong>Amplio Interior:<\/strong> Suficiente espacio para:\n<ul>\n<li>Port\u00e1til.<\/li>\n<li>Carpetas.<\/li>\n<li>Documentos A4.<\/li>\n<li>Cuaderno para notas.<\/li>\n<li>Libros.<\/li>\n<li>Estuche.<\/li>\n<\/ul>\n<\/li>\n<\/ul>\n<\/li>\n<li><strong>Organizaci\u00f3n Adicional:<\/strong>\n<ul>\n<li><strong>Dos Bolsillos Adicionales:<\/strong> Para el tel\u00e9fono, monedero y otros art\u00edculos de uso frecuente.<\/li>\n<\/ul>\n<\/li>\n<li><strong>Cierres de Hebillas:<\/strong>\n<ul>\n<li><strong>Seguridad:<\/strong> Protege el contenido y agrega un toque de distinci\u00f3n.<\/li>\n<\/ul>\n<\/li>\n<li><strong>Funcionalidad Cl\u00e1sica:<\/strong>\n<ul>\n<li><strong>Dise\u00f1o Cl\u00e1sico:<\/strong> Ofrece funcionalidad con un toque de nostalgia.<\/li>\n<\/ul>\n<\/li>\n<li><strong>Versatilidad:<\/strong>\n<ul>\n<li><strong>Ideal para Uso Diario:<\/strong> Puede llevar todo lo esencial sin problemas.<\/li>\n<\/ul>\n<\/li>\n<\/ol>\n<p style=\"text-align: left;\">Este malet\u00edn parece ser una elecci\u00f3n pr\u00e1ctica y elegante para aquellos que buscan una combinaci\u00f3n de funcionalidad y estilo cl\u00e1sico. Si tienes m\u00e1s detalles espec\u00edficos que te gustar\u00eda compartir o preguntar, no dudes en hacerlo. \u00a1Perfecto para llevar tus cosas con estilo retro!<\/p>\n<p style=\"text-align: left;\"><strong style=\"font-size: 1.4rem;\">Aviso importante<\/strong><\/p>\n<\/div>\n<\/div>\n<\/div>\n<\/div>\n<\/div>\n<\/div>\n<\/div>\n<\/div>\n<\/div>\n<\/div>\n<\/div>\n<\/div>\n<p style=\"text-align: left;\">Todos nuestros productos de cuero est\u00e1n hechos a mano y su nueva bolsa de cuero puede estar sujeta a una variaci\u00f3n natural en tama\u00f1o y color.<br \/>\nPara los tama\u00f1os, permita 1-2 cm difiere debido a la medida manual.<br \/>\nLas im\u00e1genes son 100% reales.<br \/>\nDebido al monitor del ordenador y el brillo real de la toma y otras razones, habr\u00e1 una cierta diferencia de color.<\/p>\n<!-- AddThis Advanced Settings generic via filter on the_content --><!-- AddThis Share Buttons generic via filter on the_content -->","protected":false},"excerpt":{"rendered":"<h2>Malet\u00edn de cuero de vaca realizado a mano en el encontraras mucho espacio bien repartido.<\/h2>\n<h3 style=\"text-align: left;\">Este malet\u00edn parece ser una elecci\u00f3n pr\u00e1ctica y elegante para aquellos que buscan una combinaci\u00f3n de funcionalidad y estilo cl\u00e1sico. Si tienes m\u00e1s detalles espec\u00edficos que te gustar\u00eda compartir o preguntar, no dudes en hacerlo.<\/h3>\n<h4 style=\"text-align: left;\">\u00a1Perfecto para llevar tus cosas con estilo retro!<\/h4>\n<h5><strong>\u00bfAlguna duda? Ponte en contacto con nosotros a trav\u00e9s del bot\u00f3n del chat directo por whatsApp y te resolveremos las dudas al instante!<\/strong><\/h5>\n<p><!-- AddThis Advanced Settings generic via filter on get_the_excerpt --><!-- AddThis Share Buttons generic via filter on get_the_excerpt --><\/p>\n","protected":false},"featured_media":8421,"comment_status":"open","ping_status":"closed","template":"","meta":{"om_disable_all_campaigns":false,"_monsterinsights_skip_tracking":false,"_monsterinsights_sitenote_active":false,"_monsterinsights_sitenote_note":"","_monsterinsights_sitenote_category":0,"_uf_show_specific_survey":0,"_uf_disable_surveys":false},"product_brand":[1217],"product_cat":[240,757,402],"product_tag":[1135,1096,301,877,266,299,305,315,313,727,281,885,753,745,875],"class_list":{"0":"post-8420","1":"product","2":"type-product","3":"status-publish","4":"has-post-thumbnail","6":"product_brand-ibags-belts","7":"product_cat-bolsos-bandoleras-de-cuero-artesanal","8":"product_cat-bolso-clutch","9":"product_cat-maletin-liso","10":"product_tag-accesorios-y-complementos","11":"product_tag-artesania","12":"product_tag-bandolera","13":"product_tag-bandoleras","14":"product_tag-bolso-bohemian-bolso-cuero-repujado-bolsos-cuero-retro-bolso-shopper-cuero-bolso-cuero-trenzado-bolso-cuero-troquelado","15":"product_tag-bolso-cuero","16":"product_tag-bolso-cuero-artesanal","17":"product_tag-bolso-cuero-artesano","18":"product_tag-bolso-cuero-hecho-a-mano","19":"product_tag-bolsos-bandoleras-cuero","20":"product_tag-bolso-bohemian-bolso-cuero-para-hombre-bolso-cuero-repujado-bolsos-cuero-retro-bolso-shopper-cuero-bolso-cuero-trenzado-bolso-cuero-troquelado-bolso-cuero-vaca-bolso-cuero-viaje-hombre","21":"product_tag-cartera","22":"product_tag-complementos-de-cuero","23":"product_tag-estilo-hippie","24":"product_tag-maletin","26":"first","27":"instock","28":"shipping-taxable","29":"purchasable","30":"product-type-simple","31":"add-to-wishlist-after_add_to_cart","32":"layout-style-1","33":"col-md-4 col-sm-4 col-xs-6","34":"col-lg-3","35":"product-has-gallery","36":"product-style-default"},"aioseo_notices":[],"_links":{"self":[{"href":"https:\/\/www.ibagsbelts.com\/tienda\/wp-json\/wp\/v2\/product\/8420","targetHints":{"allow":["GET"]}}],"collection":[{"href":"https:\/\/www.ibagsbelts.com\/tienda\/wp-json\/wp\/v2\/product"}],"about":[{"href":"https:\/\/www.ibagsbelts.com\/tienda\/wp-json\/wp\/v2\/types\/product"}],"replies":[{"embeddable":true,"href":"https:\/\/www.ibagsbelts.com\/tienda\/wp-json\/wp\/v2\/comments?post=8420"}],"wp:featuredmedia":[{"embeddable":true,"href":"https:\/\/www.ibagsbelts.com\/tienda\/wp-json\/wp\/v2\/media\/8421"}],"wp:attachment":[{"href":"https:\/\/www.ibagsbelts.com\/tienda\/wp-json\/wp\/v2\/media?parent=8420"}],"wp:term":[{"taxonomy":"product_brand","embeddable":true,"href":"https:\/\/www.ibagsbelts.com\/tienda\/wp-json\/wp\/v2\/product_brand?post=8420"},{"taxonomy":"product_cat","embeddable":true,"href":"https:\/\/www.ibagsbelts.com\/tienda\/wp-json\/wp\/v2\/product_cat?post=8420"},{"taxonomy":"product_tag","embeddable":true,"href":"https:\/\/www.ibagsbelts.com\/tienda\/wp-json\/wp\/v2\/product_tag?post=8420"}],"curies":[{"name":"wp","href":"https:\/\/api.w.org\/{rel}","templated":true}]}}