{"id":862,"date":"2017-10-31T17:23:23","date_gmt":"2017-10-31T16:23:23","guid":{"rendered":"http:\/\/www.ibagsbelts.com\/?post_type=product&#038;p=862"},"modified":"2026-03-15T21:37:39","modified_gmt":"2026-03-15T20:37:39","slug":"bolso-bandolera-de-piel-unisex-huesca","status":"publish","type":"product","link":"https:\/\/www.ibagsbelts.com\/tienda\/producto\/bolso-bandolera-de-piel-unisex-huesca\/","title":{"rendered":"Bolso bandolera de piel unisex Huesca"},"content":{"rendered":"<p style=\"text-align: left;\">Descubre la practicidad y el estilo unisex con nuestra bandolera ideal para tus viajes y actividades diarias. Dise\u00f1ada para llevar lo esencial, como el m\u00f3vil, las llaves y la billetera, este accesorio es la compa\u00f1\u00eda perfecta cuando est\u00e1s en movimiento.<\/p>\n<p style=\"text-align: left;\">Con tres bolsillos equipados con cremalleras, garantiza la seguridad de tus pertenencias mientras te desplazas. La solapa con cierre magn\u00e9tico a\u00f1ade un toque de elegancia y facilita el acceso r\u00e1pido a tus objetos m\u00e1s importantes. La asa regulable ofrece versatilidad y comodidad para adaptarse a tus necesidades.<\/p>\n<p style=\"text-align: left;\">Este accesorio de cuero artesanal no solo es funcional sino que tambi\u00e9n agrega un toque de autenticidad a tu estilo. Ideal para viajar, pasear, montar en bicicleta, o en cualquier situaci\u00f3n en la que prefieras tener las manos libres, esta bandolera es una elecci\u00f3n pr\u00e1ctica y con un toque artesanal que refleja tu estilo \u00fanico.<\/p>\n<p style=\"text-align: left;\"><strong>Aviso importante<\/strong><\/p>\n<p style=\"text-align: left;\">Todos nuestros productos de cuero est\u00e1n hechos a mano y su nueva bolsa de cuero puede estar sujeta a una variaci\u00f3n natural en tama\u00f1o y color.<br \/>\nPara los tama\u00f1os, permita 1-2 cm difiere debido a la medida manual.<br \/>\nLas im\u00e1genes son 100% reales.<br \/>\nDebido al monitor del ordenador y el brillo real de la toma y otras razones, habr\u00e1 una cierta diferencia de color.<\/p>\n<!-- AddThis Advanced Settings generic via filter on the_content --><!-- AddThis Share Buttons generic via filter on the_content -->","protected":false},"excerpt":{"rendered":"<h2>Si buscas una bandolera unisex para el m\u00f3vil ,las llaves, billetera y poco mas, para cuando te vas de viaje.<\/h2>\n<h3>Aqu\u00ed lo tienes, tiene 3 bolsillos con sus cremalleras y una solapa con cierre magn\u00e9tico y asa regulable. Es ideal para viajar, pasear, montar en bicicleta o en cualquier situaci\u00f3n que quieras llevar lo esencial y disponer de\u00a0 las manos libres. Material: cuero artesanal<\/h3>\n<p>Medidas: 20 de alto por 17 de largo y 4 cm.<\/p>\n<h5><strong>\u00bfAlguna duda? Ponte en contacto con nosotros a trav\u00e9s del bot\u00f3n del chat directo por whatsApp y te resolveremos las dudas al instante!<\/strong><\/h5>\n<p><!-- AddThis Advanced Settings generic via filter on get_the_excerpt --><!-- AddThis Share Buttons generic via filter on get_the_excerpt --><\/p>\n","protected":false},"featured_media":864,"comment_status":"open","ping_status":"closed","template":"","meta":{"om_disable_all_campaigns":false,"_monsterinsights_skip_tracking":false,"_monsterinsights_sitenote_active":false,"_monsterinsights_sitenote_note":"","_monsterinsights_sitenote_category":0,"_uf_show_specific_survey":0,"_uf_disable_surveys":false},"product_brand":[1217],"product_cat":[240,971],"product_tag":[1135,301,877,266,305,315,268,316,320,297,823,317,753,1102],"class_list":{"0":"post-862","1":"product","2":"type-product","3":"status-publish","4":"has-post-thumbnail","6":"product_brand-ibags-belts","7":"product_cat-bolsos-bandoleras-de-cuero-artesanal","8":"product_cat-hombre","9":"product_tag-accesorios-y-complementos","10":"product_tag-bandolera","11":"product_tag-bandoleras","12":"product_tag-bolso-bohemian-bolso-cuero-repujado-bolsos-cuero-retro-bolso-shopper-cuero-bolso-cuero-trenzado-bolso-cuero-troquelado","13":"product_tag-bolso-cuero-artesanal","14":"product_tag-bolso-cuero-artesano","15":"product_tag-bolso-cuero-boho-bolso-cuero-con-tachuelas-bolsos-cuero-caballero-bolso-cuero-de-hombre-bolso-cuero-de-viaje-bolso-cuero-de-vaca-bolso-de-cuero-artesanal-bolso-de-cuero","16":"product_tag-bolso-cuero-con-tachuelas","17":"product_tag-bolso-cuero-hombre","18":"product_tag-bolso-cuero-marroqui","19":"product_tag-bolso-piel","20":"product_tag-bolsos-cuero-potro","21":"product_tag-complementos-de-cuero","22":"product_tag-piel","24":"first","25":"instock","26":"shipping-taxable","27":"purchasable","28":"product-type-variable","29":"add-to-wishlist-after_add_to_cart","30":"layout-style-1","31":"col-md-4 col-sm-4 col-xs-6","32":"col-lg-3","33":"product-has-gallery","34":"product-style-default"},"aioseo_notices":[],"_links":{"self":[{"href":"https:\/\/www.ibagsbelts.com\/tienda\/wp-json\/wp\/v2\/product\/862","targetHints":{"allow":["GET"]}}],"collection":[{"href":"https:\/\/www.ibagsbelts.com\/tienda\/wp-json\/wp\/v2\/product"}],"about":[{"href":"https:\/\/www.ibagsbelts.com\/tienda\/wp-json\/wp\/v2\/types\/product"}],"replies":[{"embeddable":true,"href":"https:\/\/www.ibagsbelts.com\/tienda\/wp-json\/wp\/v2\/comments?post=862"}],"wp:featuredmedia":[{"embeddable":true,"href":"https:\/\/www.ibagsbelts.com\/tienda\/wp-json\/wp\/v2\/media\/864"}],"wp:attachment":[{"href":"https:\/\/www.ibagsbelts.com\/tienda\/wp-json\/wp\/v2\/media?parent=862"}],"wp:term":[{"taxonomy":"product_brand","embeddable":true,"href":"https:\/\/www.ibagsbelts.com\/tienda\/wp-json\/wp\/v2\/product_brand?post=862"},{"taxonomy":"product_cat","embeddable":true,"href":"https:\/\/www.ibagsbelts.com\/tienda\/wp-json\/wp\/v2\/product_cat?post=862"},{"taxonomy":"product_tag","embeddable":true,"href":"https:\/\/www.ibagsbelts.com\/tienda\/wp-json\/wp\/v2\/product_tag?post=862"}],"curies":[{"name":"wp","href":"https:\/\/api.w.org\/{rel}","templated":true}]}}