{"id":8795,"date":"2020-08-08T20:56:31","date_gmt":"2020-08-08T18:56:31","guid":{"rendered":"https:\/\/www.ibagsbelts.com\/tienda\/?post_type=product&#038;p=8795"},"modified":"2026-03-15T16:30:50","modified_gmt":"2026-03-15T15:30:50","slug":"cinturon-trenzado-panama-azul","status":"publish","type":"product","link":"https:\/\/www.ibagsbelts.com\/tienda\/producto\/cinturon-trenzado-panama-azul\/","title":{"rendered":"Cintur\u00f3n trenzado azul Panam\u00e1"},"content":{"rendered":"<p style=\"text-align: left;\">Aqu\u00ed tienes un resumen de las caracter\u00edsticas clave del cintur\u00f3n trenzado artesanal en color blanco:<\/p>\n<ol style=\"text-align: left;\">\n<li><strong>Dise\u00f1o:<\/strong>\n<ul>\n<li><strong>Color Azul:<\/strong> Para un toque fresco y vers\u00e1til.<\/li>\n<li><strong>Trenzado Artesanal:<\/strong> Detalle artesanal que agrega estilo.<\/li>\n<li><strong>Ancho de 6 cm:<\/strong> Ideal para resaltar en tus vestidos y blusones.<\/li>\n<\/ul>\n<\/li>\n<li><strong>Art\u00edculos Artesanales:<\/strong>\n<ul>\n<li><strong>Fabricado a Mano:<\/strong> Cada cintur\u00f3n es \u00fanico debido al proceso artesanal.<\/li>\n<li><strong>Ligeras Variaciones Posibles:<\/strong> Pueden haber peque\u00f1as diferencias en el cuero, piedras y tachuelas, lo que hace que cada pieza sea especial.<\/li>\n<\/ul>\n<\/li>\n<li><strong>Versatilidad y Ajuste:<\/strong>\n<ul>\n<li><strong>Adaptable a Cualquier Medida:<\/strong> Sistema de enganche que permite ajustar el tama\u00f1o en cualquier punto del cintur\u00f3n.<\/li>\n<\/ul>\n<\/li>\n<li><strong>Composici\u00f3n:<\/strong>\n<ul>\n<li><strong>Correa de Cuero 100%:<\/strong> Garant\u00eda de calidad y durabilidad.<\/li>\n<li><strong>Hebilla de Aleaci\u00f3n de Metales:<\/strong> Para un acabado resistente.<\/li>\n<\/ul>\n<\/li>\n<li><strong>Estilo Original:<\/strong>\n<ul>\n<li><strong>Mejor Opci\u00f3n para Outfits Originales:<\/strong> Perfecto para darle un toque especial a tus vestidos y blusones.<\/li>\n<\/ul>\n<\/li>\n<li><strong>Talla \u00danica:<\/strong> Ajustable para adaptarse a diferentes tama\u00f1os.<\/li>\n<\/ol>\n<p style=\"text-align: left;\">Este cintur\u00f3n parece ser una elecci\u00f3n vers\u00e1til y elegante para complementar varios estilos de vestimenta. Si hay m\u00e1s detalles que te gustar\u00eda agregar o preguntar, estoy aqu\u00ed para ayudar. \u00a1Ideal para realzar tus conjuntos con un toque artesanal!<\/p>\n<p style=\"text-align: left;\"><strong>Aviso importante<\/strong><\/p>\n<p style=\"text-align: left;\">Es la mejor opci\u00f3n para llevarlo con tus vestidos, blusones, preferidos ya que le va a dar el toque que est\u00e1s buscando en tu outfits m\u00e1s original. Composici\u00f3n: Correa 100% cuero, Hebilla aleaci\u00f3n de metales. Talla \u00fanica.<\/p>\n<p style=\"text-align: left;\">Todos nuestros productos de cuero est\u00e1n hechos a mano y su nuevo bolso de cuero puede estar sujeta a una variaci\u00f3n natural en tama\u00f1o y color. Las pieles utilizadas han sido procesadas y curtidas en una de las curtidur\u00edas m\u00e1s antiguas utilizando t\u00e9cnicas centenarias para dar al cuero acabado un aspecto antiguo \/ vintage. Para los tama\u00f1os, permita 1-2 cm diferencia debido a la medida manual. Las im\u00e1genes son 100% reales. Debido al monitor del ordenador y el brillo real de la toma y otras razones, habr\u00e1 una cierta diferencia de color.<\/p>\n<!-- AddThis Advanced Settings generic via filter on the_content --><!-- AddThis Share Buttons generic via filter on the_content -->","protected":false},"excerpt":{"rendered":"<h2><span class=\"Text_text__QBn4- Text_title__2EQGT Text_left__3s3CR\">Cintur\u00f3n de cuero trenzado artesanal color azul<\/span><\/h2>\n<p><span class=\"Text_text__QBn4- Text_body__MkQC- Text_left__3s3CR Text_format__3gQYg\">Cintur\u00f3n es un productos artesanales fabricados a mano por lo que a veces puede haber ligeras variaciones en el cuero o en las piedras y tachuelas si las tuvieran Cintur\u00f3n de cuero, producto artesanal, por lo que ninguno es exactamente igual por lo que lo hace tan especial. Adaptable a cualquier medida por su sistema de enganche en cualquier punto del mismo a trav\u00e9s de su trenzado. 6 cm de ancho aproximadamente. <\/span><\/p>\n<h4><span class=\"Text_text__QBn4- Text_body__MkQC- Text_left__3s3CR Text_format__3gQYg\">Especificar talla o medida en el pedido.\u00a0<\/span><\/h4>\n<h5><strong>\u00bfAlguna duda? Ponte en contacto con nosotros a trav\u00e9s del bot\u00f3n del chat directo por whatsApp y te resolveremos las dudas al instante!<\/strong><\/h5>\n<p><!-- AddThis Advanced Settings generic via filter on get_the_excerpt --><!-- AddThis Share Buttons generic via filter on get_the_excerpt --><\/p>\n","protected":false},"featured_media":8796,"comment_status":"open","ping_status":"closed","template":"","meta":{"om_disable_all_campaigns":false,"_monsterinsights_skip_tracking":false,"_monsterinsights_sitenote_active":false,"_monsterinsights_sitenote_note":"","_monsterinsights_sitenote_category":0,"_uf_show_specific_survey":0,"_uf_disable_surveys":false},"product_brand":[1217],"product_cat":[396,951],"product_tag":[1096,1087,290,258,332,341,264,20,1067,753,746,1048],"class_list":{"0":"post-8795","1":"product","2":"type-product","3":"status-publish","4":"has-post-thumbnail","6":"product_brand-ibags-belts","7":"product_cat-trenzados-cinturon","8":"product_cat-fajin","9":"product_tag-artesania","10":"product_tag-cinto","11":"product_tag-cinturon","12":"product_tag-cinturon-cuero-cowboy-cinturon-cuero-de-vaca-cinturon-de-cuero-artesanal-bolso-de-cuero-cinturon-cuero-para-hombre-cinturon-para-mujer","13":"product_tag-cinturon-cuero","14":"product_tag-cinturon-cuero-boho-chic","15":"product_tag-cinturon-cuero-de-vaca-cuero-de-cuero-cinturon-de-cuero-chapa","16":"product_tag-cinturon-cuero-trenzado-fino","17":"product_tag-cinturon-trenzado","18":"product_tag-complementos-de-cuero","19":"product_tag-estilo-hippiechic","20":"product_tag-trenzado","22":"first","23":"outofstock","24":"sale","25":"shipping-taxable","26":"purchasable","27":"product-type-simple","28":"add-to-wishlist-after_add_to_cart","29":"layout-style-1","30":"col-md-4 col-sm-4 col-xs-6","31":"col-lg-3","32":"product-style-default"},"aioseo_notices":[],"_links":{"self":[{"href":"https:\/\/www.ibagsbelts.com\/tienda\/wp-json\/wp\/v2\/product\/8795","targetHints":{"allow":["GET"]}}],"collection":[{"href":"https:\/\/www.ibagsbelts.com\/tienda\/wp-json\/wp\/v2\/product"}],"about":[{"href":"https:\/\/www.ibagsbelts.com\/tienda\/wp-json\/wp\/v2\/types\/product"}],"replies":[{"embeddable":true,"href":"https:\/\/www.ibagsbelts.com\/tienda\/wp-json\/wp\/v2\/comments?post=8795"}],"wp:featuredmedia":[{"embeddable":true,"href":"https:\/\/www.ibagsbelts.com\/tienda\/wp-json\/wp\/v2\/media\/8796"}],"wp:attachment":[{"href":"https:\/\/www.ibagsbelts.com\/tienda\/wp-json\/wp\/v2\/media?parent=8795"}],"wp:term":[{"taxonomy":"product_brand","embeddable":true,"href":"https:\/\/www.ibagsbelts.com\/tienda\/wp-json\/wp\/v2\/product_brand?post=8795"},{"taxonomy":"product_cat","embeddable":true,"href":"https:\/\/www.ibagsbelts.com\/tienda\/wp-json\/wp\/v2\/product_cat?post=8795"},{"taxonomy":"product_tag","embeddable":true,"href":"https:\/\/www.ibagsbelts.com\/tienda\/wp-json\/wp\/v2\/product_tag?post=8795"}],"curies":[{"name":"wp","href":"https:\/\/api.w.org\/{rel}","templated":true}]}}