{"id":8799,"date":"2020-08-08T21:08:47","date_gmt":"2020-08-08T19:08:47","guid":{"rendered":"https:\/\/www.ibagsbelts.com\/tienda\/?post_type=product&#038;p=8799"},"modified":"2026-03-15T16:28:22","modified_gmt":"2026-03-15T15:28:22","slug":"cinturon-trenzado-panama-verde","status":"publish","type":"product","link":"https:\/\/www.ibagsbelts.com\/tienda\/producto\/cinturon-trenzado-panama-verde\/","title":{"rendered":"Cintur\u00f3n trenzado verde Panam\u00e1"},"content":{"rendered":"<p style=\"text-align: left;\">Aqu\u00ed tienes un resumen de las caracter\u00edsticas clave del cintur\u00f3n trenzado artesanal en color blanco:<\/p>\n<ol style=\"text-align: left;\">\n<li><strong>Dise\u00f1o:<\/strong>\n<ul>\n<li><strong>Color Blanco:<\/strong> Para un toque fresco y vers\u00e1til.<\/li>\n<li><strong>Trenzado Artesanal:<\/strong> Detalle artesanal que agrega estilo.<\/li>\n<li><strong>Ancho de 6 cm:<\/strong> Ideal para resaltar en tus vestidos y blusones.<\/li>\n<\/ul>\n<\/li>\n<li><strong>Art\u00edculos Artesanales:<\/strong>\n<ul>\n<li><strong>Fabricado a Mano:<\/strong> Cada cintur\u00f3n es \u00fanico debido al proceso artesanal.<\/li>\n<li><strong>Ligeras Variaciones Posibles:<\/strong> Pueden haber peque\u00f1as diferencias en el cuero, piedras y tachuelas, lo que hace que cada pieza sea especial.<\/li>\n<\/ul>\n<\/li>\n<li><strong>Versatilidad y Ajuste:<\/strong>\n<ul>\n<li><strong>Adaptable a Cualquier Medida:<\/strong> Sistema de enganche que permite ajustar el tama\u00f1o en cualquier punto del cintur\u00f3n.<\/li>\n<\/ul>\n<\/li>\n<li><strong>Composici\u00f3n:<\/strong>\n<ul>\n<li><strong>Correa de Cuero 100%:<\/strong> Garant\u00eda de calidad y durabilidad.<\/li>\n<li><strong>Hebilla de Aleaci\u00f3n de Metales:<\/strong> Para un acabado resistente.<\/li>\n<\/ul>\n<\/li>\n<li><strong>Estilo Original:<\/strong>\n<ul>\n<li><strong>Mejor Opci\u00f3n para Outfits Originales:<\/strong> Perfecto para darle un toque especial a tus vestidos y blusones.<\/li>\n<\/ul>\n<\/li>\n<li><strong>Talla \u00danica:<\/strong> Ajustable para adaptarse a diferentes tama\u00f1os.<\/li>\n<\/ol>\n<p style=\"text-align: left;\">Este cintur\u00f3n parece ser una elecci\u00f3n vers\u00e1til y elegante para complementar varios estilos de vestimenta. Si hay m\u00e1s detalles que te gustar\u00eda agregar o preguntar, estoy aqu\u00ed para ayudar. \u00a1Ideal para realzar tus conjuntos con un toque artesanal!<\/p>\n<p style=\"text-align: left;\"><strong>\u00a0 Aviso importante<\/strong><\/p>\n<p style=\"text-align: left;\">Todos nuestros productos de cuero est\u00e1n hechos a mano y su nuevo bolso de cuero puede estar sujeta a una variaci\u00f3n natural en tama\u00f1o y color.<\/p>\n<p style=\"text-align: left;\">Las pieles utilizadas han sido procesadas y curtidas en una de las curtidur\u00edas m\u00e1s antiguas utilizando t\u00e9cnicas centenarias para dar al cuero acabado un aspecto antiguo \/ vintage. Para los tama\u00f1os, permita 1-2 cm diferencia debido a la medida manual.<\/p>\n<p style=\"text-align: left;\">Las im\u00e1genes son 100% reales. Debido al monitor del ordenador y el brillo real de la toma y otras razones, habr\u00e1 una cierta diferencia de color.<\/p>\n<!-- AddThis Advanced Settings generic via filter on the_content --><!-- AddThis Share Buttons generic via filter on the_content -->","protected":false},"excerpt":{"rendered":"<h2><span class=\"Text_text__QBn4- Text_title__2EQGT Text_left__3s3CR\">Cintur\u00f3n trenzado artesanal color verde. <\/span><\/h2>\n<p><span class=\"Text_text__QBn4- Text_body__MkQC- Text_left__3s3CR Text_format__3gQYg\">Cintur\u00f3n es un productos artesanales fabricados a mano por lo que a veces puede haber ligeras variaciones en el cuero o en las piedras y tachuelas si las tuvieran Cintur\u00f3n de cuero, producto artesanal, por lo que ninguno es exactamente igual por lo que lo hace tan especial. Adaptable a cualquier medida por su sistema de enganche en cualquier punto del mismo a trav\u00e9s de su trenzado. 6 cm de ancho aproximadamente.<\/span><\/p>\n<h5><a href=\"https:\/\/bit.ly\/TE-AYUDO\"><b>\u00bfAlguna duda? Ponte en contacto con nosotros a trav\u00e9s del bot\u00f3n del chat directo por WhatsApp y te resolveremos las dudas al instante<\/b><\/a><b>!<\/b><\/h5>\n<p><!-- AddThis Advanced Settings generic via filter on get_the_excerpt --><!-- AddThis Share Buttons generic via filter on get_the_excerpt --><\/p>\n","protected":false},"featured_media":8800,"comment_status":"open","ping_status":"closed","template":"","meta":{"om_disable_all_campaigns":false,"_monsterinsights_skip_tracking":false,"_monsterinsights_sitenote_active":false,"_monsterinsights_sitenote_note":"","_monsterinsights_sitenote_category":0,"_uf_show_specific_survey":0,"_uf_disable_surveys":false},"product_brand":[1217],"product_cat":[396],"product_tag":[1087,290,889,332,340,341,338,31,1088,746,1048],"class_list":{"0":"post-8799","1":"product","2":"type-product","3":"status-publish","4":"has-post-thumbnail","6":"product_brand-ibags-belts","7":"product_cat-trenzados-cinturon","8":"product_tag-cinto","9":"product_tag-cinturon","10":"product_tag-cinturon-asta","11":"product_tag-cinturon-cuero","12":"product_tag-cinturon-cuero-ancho-bohemian","13":"product_tag-cinturon-cuero-boho-chic","14":"product_tag-cinturon-cuero-trenzado-marroqui","15":"product_tag-cinturon-trenzado-de-cuero","16":"product_tag-correa","17":"product_tag-estilo-hippiechic","18":"product_tag-trenzado","20":"first","21":"instock","22":"shipping-taxable","23":"purchasable","24":"product-type-simple","25":"add-to-wishlist-after_add_to_cart","26":"layout-style-1","27":"col-md-4 col-sm-4 col-xs-6","28":"col-lg-3","29":"product-style-default"},"aioseo_notices":[],"_links":{"self":[{"href":"https:\/\/www.ibagsbelts.com\/tienda\/wp-json\/wp\/v2\/product\/8799","targetHints":{"allow":["GET"]}}],"collection":[{"href":"https:\/\/www.ibagsbelts.com\/tienda\/wp-json\/wp\/v2\/product"}],"about":[{"href":"https:\/\/www.ibagsbelts.com\/tienda\/wp-json\/wp\/v2\/types\/product"}],"replies":[{"embeddable":true,"href":"https:\/\/www.ibagsbelts.com\/tienda\/wp-json\/wp\/v2\/comments?post=8799"}],"wp:featuredmedia":[{"embeddable":true,"href":"https:\/\/www.ibagsbelts.com\/tienda\/wp-json\/wp\/v2\/media\/8800"}],"wp:attachment":[{"href":"https:\/\/www.ibagsbelts.com\/tienda\/wp-json\/wp\/v2\/media?parent=8799"}],"wp:term":[{"taxonomy":"product_brand","embeddable":true,"href":"https:\/\/www.ibagsbelts.com\/tienda\/wp-json\/wp\/v2\/product_brand?post=8799"},{"taxonomy":"product_cat","embeddable":true,"href":"https:\/\/www.ibagsbelts.com\/tienda\/wp-json\/wp\/v2\/product_cat?post=8799"},{"taxonomy":"product_tag","embeddable":true,"href":"https:\/\/www.ibagsbelts.com\/tienda\/wp-json\/wp\/v2\/product_tag?post=8799"}],"curies":[{"name":"wp","href":"https:\/\/api.w.org\/{rel}","templated":true}]}}