{"id":9008,"date":"2020-08-23T19:10:40","date_gmt":"2020-08-23T17:10:40","guid":{"rendered":"https:\/\/www.ibagsbelts.com\/tienda\/?post_type=product&#038;p=9008"},"modified":"2026-03-15T16:26:49","modified_gmt":"2026-03-15T15:26:49","slug":"rinonera-banana-de-cuero-con-flecos-marron","status":"publish","type":"product","link":"https:\/\/www.ibagsbelts.com\/tienda\/producto\/rinonera-banana-de-cuero-con-flecos-marron\/","title":{"rendered":"Ri\u00f1onera banana de cuero con flecos marr\u00f3n Isabela"},"content":{"rendered":"<div class=\"u-text-wrap\">\n<p style=\"text-align: left;\">Esta ri\u00f1onera boho chic parece ser una elecci\u00f3n encantadora para la temporada de primavera y verano. Aqu\u00ed hay una descripci\u00f3n general de sus caracter\u00edsticas principales:<\/p>\n<ol style=\"text-align: left;\">\n<li><strong>Estilo Boho Chic:<\/strong>\n<ul>\n<li><strong>Flecos:<\/strong> A\u00f1aden un toque bohemio y chic.<\/li>\n<li><strong>Cuero de Calidad:<\/strong> Indicaci\u00f3n de durabilidad y estilo.<\/li>\n<\/ul>\n<\/li>\n<li><strong>Dise\u00f1o Pr\u00e1ctico:<\/strong>\n<ul>\n<li><strong>Cierre con Cremallera:<\/strong> Para un acceso f\u00e1cil y seguro a los contenidos.<\/li>\n<li><strong>Borla de Flecos:<\/strong> Elemento decorativo que complementa el estilo bohemio.<\/li>\n<li><strong>Cintur\u00f3n Regulable con Hebilla:<\/strong> Ofrece versatilidad en t\u00e9rminos de ajuste y estilo.<\/li>\n<\/ul>\n<\/li>\n<li><strong>Dimensiones:<\/strong>\n<ul>\n<li><strong>Ri\u00f1onera:<\/strong> 30 cm de largo x 15 cm de alto.<\/li>\n<li><strong>Cintur\u00f3n:<\/strong> En total, 128 cm de hebilla a hebilla.<\/li>\n<\/ul>\n<\/li>\n<li><strong>Hecho a Mano y Material de Calidad:<\/strong>\n<ul>\n<li><strong>Piel de la Mejor Calidad:<\/strong> Indica un enfoque en la durabilidad y la calidad artesanal.<\/li>\n<\/ul>\n<\/li>\n<li><strong>Temporada Apropiada:<\/strong>\n<ul>\n<li><strong>Primavera\/Verano:<\/strong> Dise\u00f1ada para ser una opci\u00f3n fresca y elegante durante los meses m\u00e1s c\u00e1lidos.<\/li>\n<\/ul>\n<\/li>\n<\/ol>\n<p style=\"text-align: left;\">Esta ri\u00f1onera parece ser una opci\u00f3n elegante y funcional para aquellos que aprecian el estilo bohemio. \u00bfHay algo espec\u00edfico que te gustar\u00eda explorar m\u00e1s o alguna pregunta que tengas?<\/p>\n<\/div>\n<div>\n<p style=\"text-align: left;\"><strong>Aviso importante<\/strong><\/p>\n<p style=\"text-align: left;\">Todos nuestros productos de cuero est\u00e1n hechos a mano y su nueva bolsa de cuero puede estar sujeta a una variaci\u00f3n natural en tama\u00f1o y color.<br \/>\nPara los tama\u00f1os, permita 1-2 cm difiere debido a la medida manual.<br \/>\nLas im\u00e1genes son 100% reales.<br \/>\nDebido al monitor del ordenador y el brillo real de la toma y otras razones, habr\u00e1 una cierta diferencia de color.<\/p>\n<\/div>\n<!-- AddThis Advanced Settings generic via filter on the_content --><!-- AddThis Share Buttons generic via filter on the_content -->","protected":false},"excerpt":{"rendered":"<div><span class=\"c-text c-text--title c-text--left c-text--content\">Ri\u00f1onera con flecos boho style<\/span><\/div>\n<div class=\"u-text-wrap\"><span class=\"c-text c-text--body c-text--left c-text--content c-text--format\">Bonita ri\u00f1onera de cuero con flecos estilo boho chic ideal para esta primavera verano.\u00a0<\/span><span class=\"c-text c-text--body c-text--left c-text--content c-text--format\">No te quedes sin ella est\u00e1 hecha a mano en piel de la mejor calidad. <\/span><\/div>\n<div class=\"u-text-wrap\"><span class=\"c-text c-text--body c-text--left c-text--content c-text--format\">Cierre con cremallera y borla de flecos. <\/span><span class=\"c-text c-text--body c-text--left c-text--content c-text--format\">Su cintur\u00f3n regulable con hebilla. <\/span><span class=\"c-text c-text--body c-text--left c-text--content c-text--format\">Mide 30 cm de largo por 15 cm de alto lo que es la ri\u00f1onera.<\/span><\/div>\n<div class=\"u-text-wrap\"><span class=\"c-text c-text--body c-text--left c-text--content c-text--format\"> El cintur\u00f3n en total de hebilla a la otro punta punta 128 cm.<\/span><\/div>\n<div>\n<p><a href=\"https:\/\/bit.ly\/TE-AYUDO\"><b>\u00bfAlguna duda? Ponte en contacto con nosotros a trav\u00e9s del bot\u00f3n del chat directo por WhatsApp y te resolveremos las dudas al instante<\/b><\/a><b>!<\/b><\/p>\n<\/div>\n<p><!-- AddThis Advanced Settings generic via filter on get_the_excerpt --><!-- AddThis Share Buttons generic via filter on get_the_excerpt --><\/p>\n","protected":false},"featured_media":14170,"comment_status":"open","ping_status":"closed","template":"","meta":{"om_disable_all_campaigns":false,"_monsterinsights_skip_tracking":false,"_monsterinsights_sitenote_active":false,"_monsterinsights_sitenote_note":"","_monsterinsights_sitenote_category":0,"_uf_show_specific_survey":0,"_uf_disable_surveys":false},"product_brand":[1217],"product_cat":[950],"product_tag":[1042,1033,312,824,744,745,746,739,795,793],"class_list":{"0":"post-9008","1":"product","2":"type-product","3":"status-publish","4":"has-post-thumbnail","6":"product_brand-ibags-belts","7":"product_cat-rinoneras","8":"product_tag-banana","9":"product_tag-bananas","10":"product_tag-bolso-cuero-flecos","11":"product_tag-bolso-flecos","12":"product_tag-estilo-bohochic","13":"product_tag-estilo-hippie","14":"product_tag-estilo-hippiechic","15":"product_tag-hippiechic","16":"product_tag-rinonera-cuero","17":"product_tag-rinoneras","19":"first","20":"instock","21":"shipping-taxable","22":"purchasable","23":"product-type-simple","24":"add-to-wishlist-after_add_to_cart","25":"layout-style-1","26":"col-md-4 col-sm-4 col-xs-6","27":"col-lg-3","28":"product-has-gallery","29":"product-style-default"},"aioseo_notices":[],"_links":{"self":[{"href":"https:\/\/www.ibagsbelts.com\/tienda\/wp-json\/wp\/v2\/product\/9008","targetHints":{"allow":["GET"]}}],"collection":[{"href":"https:\/\/www.ibagsbelts.com\/tienda\/wp-json\/wp\/v2\/product"}],"about":[{"href":"https:\/\/www.ibagsbelts.com\/tienda\/wp-json\/wp\/v2\/types\/product"}],"replies":[{"embeddable":true,"href":"https:\/\/www.ibagsbelts.com\/tienda\/wp-json\/wp\/v2\/comments?post=9008"}],"wp:featuredmedia":[{"embeddable":true,"href":"https:\/\/www.ibagsbelts.com\/tienda\/wp-json\/wp\/v2\/media\/14170"}],"wp:attachment":[{"href":"https:\/\/www.ibagsbelts.com\/tienda\/wp-json\/wp\/v2\/media?parent=9008"}],"wp:term":[{"taxonomy":"product_brand","embeddable":true,"href":"https:\/\/www.ibagsbelts.com\/tienda\/wp-json\/wp\/v2\/product_brand?post=9008"},{"taxonomy":"product_cat","embeddable":true,"href":"https:\/\/www.ibagsbelts.com\/tienda\/wp-json\/wp\/v2\/product_cat?post=9008"},{"taxonomy":"product_tag","embeddable":true,"href":"https:\/\/www.ibagsbelts.com\/tienda\/wp-json\/wp\/v2\/product_tag?post=9008"}],"curies":[{"name":"wp","href":"https:\/\/api.w.org\/{rel}","templated":true}]}}