{"id":9260,"date":"2020-09-11T20:20:37","date_gmt":"2020-09-11T18:20:37","guid":{"rendered":"https:\/\/www.ibagsbelts.com\/tienda\/?post_type=product&#038;p=9260"},"modified":"2026-03-15T16:23:18","modified_gmt":"2026-03-15T15:23:18","slug":"maletin-156-portafolios-hombre-cuero-natural","status":"publish","type":"product","link":"https:\/\/www.ibagsbelts.com\/tienda\/producto\/maletin-156-portafolios-hombre-cuero-natural\/","title":{"rendered":"Malet\u00edn 15,6&#8243; portafolios de Cuero natural Mae"},"content":{"rendered":"<p>Sum\u00e9rgete en la elegancia cl\u00e1sica con nuestro malet\u00edn para hombres, un complemento que destaca por su estilo y funcionalidad.<\/p>\n<p>Caracter\u00edsticas destacadas:<\/p>\n<p><strong>Dise\u00f1o Cl\u00e1sico:<\/strong><\/p>\n<ul>\n<li>Cierre seguro con dos botones de im\u00e1n.<\/li>\n<li>Estilo atemporal que se adapta a cualquier entorno.<\/li>\n<\/ul>\n<p><strong>Organizaci\u00f3n Eficiente:<\/strong><\/p>\n<ul>\n<li>Compartimentos internos para mantener el orden.<\/li>\n<li>Ideal para dispositivos de hasta 15,4 pulgadas y libretas A4.<\/li>\n<\/ul>\n<p><strong>Correa Ajustable:<\/strong><\/p>\n<ul>\n<li>Correa de 115 cm, ajustable seg\u00fan tus preferencias.<\/li>\n<li>Ofrece versatilidad en el transporte.<\/li>\n<\/ul>\n<p><strong>Practicidad en el Trabajo Diario:<\/strong><\/p>\n<ul>\n<li>Suficiente espacio para tus necesidades diarias en el trabajo.<\/li>\n<li>Siempre tendr\u00e1s a mano lo esencial para tu jornada laboral.<\/li>\n<\/ul>\n<p><strong>Dimensiones y Composici\u00f3n:<\/strong><\/p>\n<ul>\n<li>Medidas: 36 x 28 x 9 cm.<\/li>\n<li>Correa: 115 x 3,1 cm.<\/li>\n<li>Forro interior para una mayor protecci\u00f3n.<\/li>\n<li>Fabricado en cuero, garantizando calidad y durabilidad.<\/li>\n<\/ul>\n<p>Este malet\u00edn no solo es una declaraci\u00f3n de estilo, sino tambi\u00e9n una soluci\u00f3n funcional para tu d\u00eda a d\u00eda laboral. \u00a1Descubre la fusi\u00f3n perfecta entre elegancia y practicidad!<\/p>\n<!-- AddThis Advanced Settings generic via filter on the_content --><!-- AddThis Share Buttons generic via filter on the_content -->","protected":false},"excerpt":{"rendered":"<h2><span class=\"a-list-item\">En este portafolios puedes meter todo lo que te hace falta en tu d\u00eda a d\u00eda en el trabajo. <\/span><\/h2>\n<p><span class=\"a-list-item\">As\u00ed siempre tienes a mano todo lo que te hace falta.\u00a0<\/span>Sum\u00e9rgete en la elegancia cl\u00e1sica con nuestro malet\u00edn para hombres o mujeres, un complemento que destaca por su estilo y funcionalidad.<\/p>\n<p>Este malet\u00edn no solo es una declaraci\u00f3n de estilo, sino tambi\u00e9n una soluci\u00f3n funcional para tu d\u00eda a d\u00eda laboral. \u00a1Descubre la fusi\u00f3n perfecta entre elegancia y practicidad!<\/p>\n<h5><a href=\"https:\/\/bit.ly\/TE-AYUDO\"><b>\u00bfAlguna duda? Ponte en contacto con nosotros a trav\u00e9s del bot\u00f3n del chat directo por WhatsApp y te resolveremos las dudas al instante<\/b><\/a><b>!<\/b><\/h5>\n<p>&nbsp;<!-- AddThis Advanced Settings generic via filter on get_the_excerpt --><!-- AddThis Share Buttons generic via filter on get_the_excerpt --><\/p>\n","protected":false},"featured_media":9907,"comment_status":"open","ping_status":"closed","template":"","meta":{"om_disable_all_campaigns":false,"_monsterinsights_skip_tracking":false,"_monsterinsights_sitenote_active":false,"_monsterinsights_sitenote_note":"","_monsterinsights_sitenote_category":0,"_uf_show_specific_survey":0,"_uf_disable_surveys":false},"product_brand":[1217],"product_cat":[240,402],"product_tag":[1096,301,877,266,305,315,313,885,875,928],"class_list":{"0":"post-9260","1":"product","2":"type-product","3":"status-publish","4":"has-post-thumbnail","6":"product_brand-ibags-belts","7":"product_cat-bolsos-bandoleras-de-cuero-artesanal","8":"product_cat-maletin-liso","9":"product_tag-artesania","10":"product_tag-bandolera","11":"product_tag-bandoleras","12":"product_tag-bolso-bohemian-bolso-cuero-repujado-bolsos-cuero-retro-bolso-shopper-cuero-bolso-cuero-trenzado-bolso-cuero-troquelado","13":"product_tag-bolso-cuero-artesanal","14":"product_tag-bolso-cuero-artesano","15":"product_tag-bolso-cuero-hecho-a-mano","16":"product_tag-cartera","17":"product_tag-maletin","18":"product_tag-portafolios","20":"first","21":"instock","22":"shipping-taxable","23":"purchasable","24":"product-type-simple","25":"add-to-wishlist-after_add_to_cart","26":"layout-style-1","27":"col-md-4 col-sm-4 col-xs-6","28":"col-lg-3","29":"product-has-gallery","30":"product-style-default"},"aioseo_notices":[],"_links":{"self":[{"href":"https:\/\/www.ibagsbelts.com\/tienda\/wp-json\/wp\/v2\/product\/9260","targetHints":{"allow":["GET"]}}],"collection":[{"href":"https:\/\/www.ibagsbelts.com\/tienda\/wp-json\/wp\/v2\/product"}],"about":[{"href":"https:\/\/www.ibagsbelts.com\/tienda\/wp-json\/wp\/v2\/types\/product"}],"replies":[{"embeddable":true,"href":"https:\/\/www.ibagsbelts.com\/tienda\/wp-json\/wp\/v2\/comments?post=9260"}],"wp:featuredmedia":[{"embeddable":true,"href":"https:\/\/www.ibagsbelts.com\/tienda\/wp-json\/wp\/v2\/media\/9907"}],"wp:attachment":[{"href":"https:\/\/www.ibagsbelts.com\/tienda\/wp-json\/wp\/v2\/media?parent=9260"}],"wp:term":[{"taxonomy":"product_brand","embeddable":true,"href":"https:\/\/www.ibagsbelts.com\/tienda\/wp-json\/wp\/v2\/product_brand?post=9260"},{"taxonomy":"product_cat","embeddable":true,"href":"https:\/\/www.ibagsbelts.com\/tienda\/wp-json\/wp\/v2\/product_cat?post=9260"},{"taxonomy":"product_tag","embeddable":true,"href":"https:\/\/www.ibagsbelts.com\/tienda\/wp-json\/wp\/v2\/product_tag?post=9260"}],"curies":[{"name":"wp","href":"https:\/\/api.w.org\/{rel}","templated":true}]}}