{"id":9262,"date":"2020-09-11T21:25:53","date_gmt":"2020-09-11T19:25:53","guid":{"rendered":"https:\/\/www.ibagsbelts.com\/tienda\/?post_type=product&#038;p=9262"},"modified":"2026-03-15T16:22:40","modified_gmt":"2026-03-15T15:22:40","slug":"bolso-bandolera-rectangular-de-cuero-con-flecos","status":"publish","type":"product","link":"https:\/\/www.ibagsbelts.com\/tienda\/producto\/bolso-bandolera-rectangular-de-cuero-con-flecos\/","title":{"rendered":"Bolso bandolera rectangular de cuero marr\u00f3n con flecos"},"content":{"rendered":"<div class=\"woocommerce-product-details__short-description\">\n<p style=\"text-align: left;\">Bolso de cuero totalmente artesanal con flecos.<\/p>\n<p style=\"text-align: left;\">Estos bolsos nos van a ayudar a conjuntar a la perfecci\u00f3n todos nuestros outfits, consiguiendo as\u00ed un equilibrio \u00fanico con los complementos.\u00a0Esto har\u00e1 que tu look sea \u00fanico e irrepetible.\u00a0Es un indispensable para casi cualquier Look Boho Chic.<\/p>\n<p style=\"text-align: left;\">Lleva cremallera y solapa decorada con chap\u00f3n y tachas, con cierre de im\u00e1n.\u00a0Bolsillo con cremallera interna .<\/p>\n<p style=\"text-align: left;\">Bandolera de piel con remaches y flecos en color marr\u00f3n vintage para darle a la bandolera un toque bohemio.<\/p>\n<p style=\"text-align: left;\">Con bolsillos con cierre de cremallera. Forro interior.<\/p>\n<p style=\"text-align: left;\">Medidas 24 cm de alto x 30 cm largo<\/p>\n<\/div>\n<p style=\"text-align: left;\">Est\u00e1 hecha de piel de cabra que la da estabilidad y flexibilidad<\/p>\n<p style=\"text-align: left;\"><strong>Aviso importante<\/strong><\/p>\n<p>Todos nuestros productos de cuero puede estar sujeta a una variaci\u00f3n natural en tama\u00f1o y color.<\/p>\n<p>Las pieles utilizadas han sido procesadas y curtidas en una de las curtidur\u00edas m\u00e1s antiguas utilizando t\u00e9cnicas centenarias para dar al cuero acabado un aspecto antiguo \/ vintage.<\/p>\n<p>Para los tama\u00f1os, permita 1-2 cm diferencia debido a la medida manual.<\/p>\n<p>Las im\u00e1genes son 100% reales.<\/p>\n<p>Debido al monitor del ordenador y el brillo real de la toma y otras razones, habr\u00e1 una cierta diferencia de color.<\/p>\n<!-- AddThis Advanced Settings generic via filter on the_content --><!-- AddThis Share Buttons generic via filter on the_content -->","protected":false},"excerpt":{"rendered":"<div class=\"woocommerce-product-details__short-description\">\n<p>Bolso de cuero totalmente artesanal con flecos.<\/p>\n<p>Estos bolsos nos van a ayudar a conjuntar a la perfecci\u00f3n todos nuestros outfits, consiguiendo as\u00ed un equilibrio \u00fanico con los complementos.\u00a0Esto har\u00e1 que tu look sea \u00fanico e irrepetible.\u00a0Es un indispensable para casi cualquier Look Boho Chic.<\/p>\n<p>Lleva cremallera y solapa decorada con chap\u00f3n y tachas, con cierre de im\u00e1n.\u00a0Bolsillo con cremallera interna .<\/p>\n<p style=\"text-align: left;\">Medidas 24 cm de alto x 30 cm largo. <span style=\"font-size: 1.4rem;\">Est\u00e1 hecha de piel de cabra que la da estabilidad y flexibilidad.<\/span><\/p>\n<\/div>\n<p style=\"text-align: left;\">Dimensiones 29cm x 23cm, 100% Cuero.<\/p>\n<h5><strong>\u00bfAlguna duda? Ponte en contacto con nosotros a trav\u00e9s del bot\u00f3n del chat directo por whatsApp y te resolveremos las dudas al instante<\/strong><\/h5>\n<p><!-- AddThis Advanced Settings generic via filter on get_the_excerpt --><!-- AddThis Share Buttons generic via filter on get_the_excerpt --><\/p>\n","protected":false},"featured_media":33171,"comment_status":"open","ping_status":"closed","template":"","meta":{"om_disable_all_campaigns":false,"_monsterinsights_skip_tracking":false,"_monsterinsights_sitenote_active":false,"_monsterinsights_sitenote_note":"","_monsterinsights_sitenote_category":0,"_uf_show_specific_survey":0,"_uf_disable_surveys":false},"product_brand":[1217],"product_cat":[240],"product_tag":[1135,301,877,266,299,305,316,313,329,255,779,823,727,753,746],"class_list":{"0":"post-9262","1":"product","2":"type-product","3":"status-publish","4":"has-post-thumbnail","6":"product_brand-ibags-belts","7":"product_cat-bolsos-bandoleras-de-cuero-artesanal","8":"product_tag-accesorios-y-complementos","9":"product_tag-bandolera","10":"product_tag-bandoleras","11":"product_tag-bolso-bohemian-bolso-cuero-repujado-bolsos-cuero-retro-bolso-shopper-cuero-bolso-cuero-trenzado-bolso-cuero-troquelado","12":"product_tag-bolso-cuero","13":"product_tag-bolso-cuero-artesanal","14":"product_tag-bolso-cuero-con-tachuelas","15":"product_tag-bolso-cuero-hecho-a-mano","16":"product_tag-bolso-cuero-hippie","17":"product_tag-bolso-cuero-mujer","18":"product_tag-bolso-de-cuero-artesanal","19":"product_tag-bolso-piel","20":"product_tag-bolsos-bandoleras-cuero","21":"product_tag-complementos-de-cuero","22":"product_tag-estilo-hippiechic","24":"first","25":"instock","26":"shipping-taxable","27":"purchasable","28":"product-type-simple","29":"add-to-wishlist-after_add_to_cart","30":"layout-style-1","31":"col-md-4 col-sm-4 col-xs-6","32":"col-lg-3","33":"product-has-gallery","34":"product-style-default"},"aioseo_notices":[],"_links":{"self":[{"href":"https:\/\/www.ibagsbelts.com\/tienda\/wp-json\/wp\/v2\/product\/9262","targetHints":{"allow":["GET"]}}],"collection":[{"href":"https:\/\/www.ibagsbelts.com\/tienda\/wp-json\/wp\/v2\/product"}],"about":[{"href":"https:\/\/www.ibagsbelts.com\/tienda\/wp-json\/wp\/v2\/types\/product"}],"replies":[{"embeddable":true,"href":"https:\/\/www.ibagsbelts.com\/tienda\/wp-json\/wp\/v2\/comments?post=9262"}],"wp:featuredmedia":[{"embeddable":true,"href":"https:\/\/www.ibagsbelts.com\/tienda\/wp-json\/wp\/v2\/media\/33171"}],"wp:attachment":[{"href":"https:\/\/www.ibagsbelts.com\/tienda\/wp-json\/wp\/v2\/media?parent=9262"}],"wp:term":[{"taxonomy":"product_brand","embeddable":true,"href":"https:\/\/www.ibagsbelts.com\/tienda\/wp-json\/wp\/v2\/product_brand?post=9262"},{"taxonomy":"product_cat","embeddable":true,"href":"https:\/\/www.ibagsbelts.com\/tienda\/wp-json\/wp\/v2\/product_cat?post=9262"},{"taxonomy":"product_tag","embeddable":true,"href":"https:\/\/www.ibagsbelts.com\/tienda\/wp-json\/wp\/v2\/product_tag?post=9262"}],"curies":[{"name":"wp","href":"https:\/\/api.w.org\/{rel}","templated":true}]}}