{"id":9269,"date":"2020-09-12T16:06:20","date_gmt":"2020-09-12T14:06:20","guid":{"rendered":"https:\/\/www.ibagsbelts.com\/tienda\/?post_type=product&#038;p=9269"},"modified":"2026-03-15T16:20:16","modified_gmt":"2026-03-15T15:20:16","slug":"maletin-156-portafolios-oficina-cuero-natural-copia","status":"publish","type":"product","link":"https:\/\/www.ibagsbelts.com\/tienda\/producto\/maletin-156-portafolios-oficina-cuero-natural-copia\/","title":{"rendered":"Malet\u00edn 15,6&#8243; portafolios oficina Cuero natural"},"content":{"rendered":"<p>Malet\u00edn de cuero tipo oficina. Fabricado en Marruecos\u00a0Piel de vacuno.<\/p>\n<p>Exterior con solapa con hebillas a cada lado, y bolsillo grande en la parte central. debajo de la solapa dispone de un bolsillo con cremallera.<\/p>\n<p>Parte trasera con bolsillo. Interior con forro y compartimento en el centro.<\/p>\n<p><span class=\"a-list-item\">\u00a0Ofrece espacio suficiente para dispositivos de hasta 15,4 pulgadas y para libretas de tama\u00f1o A4. Su correa es de 115 cm, pero puede regularse si se desea m\u00e1s corta.<\/span><\/p>\n<p><span class=\"a-list-item\">En este portafolios puedes meter todo lo que te hace falta en tu d\u00eda a d\u00eda en el trabajo. As\u00ed siempre tienes a mano todo lo que te hace falta.<\/span><\/p>\n<p><span class=\"a-list-item\">MEDIDAS: <\/span><span class=\"a-list-item\">36 x 28 x 8 cm.<\/span><\/p>\n<p>Forro interior<\/p>\n<p>100 % CUERO<\/p>\n<p>\u00a0<\/p>\n<p style=\"text-align: center;\"><strong>Aviso importante<\/strong><\/p>\n<p>Todos nuestros productos de cuero est\u00e1n hechos a mano y su nueva bolsa de cuero puede estar sujeta a una variaci\u00f3n natural en tama\u00f1o y color.<br \/>\nPara los tama\u00f1os, permita 1-2 cm difiere debido a la medida manual.<br \/>\nLas im\u00e1genes son 100% reales.<br \/>\nDebido al monitor del ordenador y el brillo real de la toma y otras razones, habr\u00e1 una cierta diferencia de color.<\/p>\n<!-- AddThis Advanced Settings generic via filter on the_content --><!-- AddThis Share Buttons generic via filter on the_content -->","protected":false},"excerpt":{"rendered":"<p>Malet\u00edn de cuero tipo oficina. Fabricado en Marruecos\u00a0Piel de vacuno.<\/p>\n<p>Exterior con solapa con hebillas a cada lado, y bolsillo grande en la parte central. debajo de la solapa dispone de un bolsillo con cremallera.<\/p>\n<p>Parte trasera con bolsillo. Interior con forro y compartimento en el centro.<!-- AddThis Advanced Settings generic via filter on get_the_excerpt --><!-- AddThis Share Buttons generic via filter on get_the_excerpt --><\/p>\n","protected":false},"featured_media":9935,"comment_status":"open","ping_status":"closed","template":"","meta":{"om_disable_all_campaigns":false,"_monsterinsights_skip_tracking":false,"_monsterinsights_sitenote_active":false,"_monsterinsights_sitenote_note":"","_monsterinsights_sitenote_category":0,"_uf_show_specific_survey":0,"_uf_disable_surveys":false},"product_brand":[1217],"product_cat":[240,757,402],"product_tag":[877,266,305,885,875,928],"class_list":{"0":"post-9269","1":"product","2":"type-product","3":"status-publish","4":"has-post-thumbnail","6":"product_brand-ibags-belts","7":"product_cat-bolsos-bandoleras-de-cuero-artesanal","8":"product_cat-bolso-clutch","9":"product_cat-maletin-liso","10":"product_tag-bandoleras","11":"product_tag-bolso-bohemian-bolso-cuero-repujado-bolsos-cuero-retro-bolso-shopper-cuero-bolso-cuero-trenzado-bolso-cuero-troquelado","12":"product_tag-bolso-cuero-artesanal","13":"product_tag-cartera","14":"product_tag-maletin","15":"product_tag-portafolios","17":"first","18":"outofstock","19":"sale","20":"shipping-taxable","21":"purchasable","22":"product-type-simple","23":"add-to-wishlist-after_add_to_cart","24":"layout-style-1","25":"col-md-4 col-sm-4 col-xs-6","26":"col-lg-3","27":"product-has-gallery","28":"product-style-default"},"aioseo_notices":[],"_links":{"self":[{"href":"https:\/\/www.ibagsbelts.com\/tienda\/wp-json\/wp\/v2\/product\/9269","targetHints":{"allow":["GET"]}}],"collection":[{"href":"https:\/\/www.ibagsbelts.com\/tienda\/wp-json\/wp\/v2\/product"}],"about":[{"href":"https:\/\/www.ibagsbelts.com\/tienda\/wp-json\/wp\/v2\/types\/product"}],"replies":[{"embeddable":true,"href":"https:\/\/www.ibagsbelts.com\/tienda\/wp-json\/wp\/v2\/comments?post=9269"}],"wp:featuredmedia":[{"embeddable":true,"href":"https:\/\/www.ibagsbelts.com\/tienda\/wp-json\/wp\/v2\/media\/9935"}],"wp:attachment":[{"href":"https:\/\/www.ibagsbelts.com\/tienda\/wp-json\/wp\/v2\/media?parent=9269"}],"wp:term":[{"taxonomy":"product_brand","embeddable":true,"href":"https:\/\/www.ibagsbelts.com\/tienda\/wp-json\/wp\/v2\/product_brand?post=9269"},{"taxonomy":"product_cat","embeddable":true,"href":"https:\/\/www.ibagsbelts.com\/tienda\/wp-json\/wp\/v2\/product_cat?post=9269"},{"taxonomy":"product_tag","embeddable":true,"href":"https:\/\/www.ibagsbelts.com\/tienda\/wp-json\/wp\/v2\/product_tag?post=9269"}],"curies":[{"name":"wp","href":"https:\/\/api.w.org\/{rel}","templated":true}]}}