{"id":9271,"date":"2020-09-12T16:58:36","date_gmt":"2020-09-12T14:58:36","guid":{"rendered":"https:\/\/www.ibagsbelts.com\/tienda\/?post_type=product&#038;p=9271"},"modified":"2026-03-15T16:19:52","modified_gmt":"2026-03-15T15:19:52","slug":"bolso-estilo-clasico-hippie","status":"publish","type":"product","link":"https:\/\/www.ibagsbelts.com\/tienda\/producto\/bolso-estilo-clasico-hippie\/","title":{"rendered":"Bolso estilo cl\u00e1sico hippie"},"content":{"rendered":"<p>Bolso de cuero grueso y suave. Bolso amplio de estilo cl\u00e1sico. un bolsillo en parte frontal con cierre de im\u00e1n y hebillas.<\/p>\n<p>bolsillo principal con cremallera, Interior forrado, bolsillo interior con cremallera.<\/p>\n<p>Acabado de primera calidad.<\/p>\n<p>Material: cuero de cabra.<\/p>\n<p>Medidas, 20 cm de alto x 28 cm de largo x 8cm ancho<\/p>\n<p>\u00a0<\/p>\n<p style=\"text-align: center;\"><strong>Aviso importante<\/strong><\/p>\n<p>Todos nuestros productos de cuero est\u00e1n hechos a mano y su nueva bolsa de cuero puede estar sujeta a una variaci\u00f3n natural en tama\u00f1o y color.<br \/>\nPara los tama\u00f1os, permita 1-2 cm difiere debido a la medida manual.<br \/>\nLas im\u00e1genes son 100% reales.<br \/>\nDebido al monitor del ordenador y el brillo real de la toma y otras razones, habr\u00e1 una cierta diferencia de color<\/p>\n<!-- AddThis Advanced Settings generic via filter on the_content --><!-- AddThis Share Buttons generic via filter on the_content -->","protected":false},"excerpt":{"rendered":"<p>Bolso de cuero grueso y suave. Bolso amplio de estilo cl\u00e1sico. un bolsillo en parte frontal con cierre de im\u00e1n y hebillas.<\/p>\n<p>bolsillo principal con cremallera, Interior forrado, bolsillo interior con cremallera.<\/p>\n<p>Acabado de primera calidad.<\/p>\n<p>Medidas, 20 cm de alto x 28 cm de largo x 8cm ancho.<\/p>\n<div class=\"woocommerce-product-details__short-description\">\n<div class=\"woocommerce-product-details__short-description\">\n<h5><strong>\u00bfAlguna duda? Ponte en contacto con nosotros a trav\u00e9s del bot\u00f3n del chat directo por whatsapp y te resolveremos las dudas al instante!<\/strong><\/h5>\n<\/div>\n<\/div>\n<p><!-- AddThis Advanced Settings generic via filter on get_the_excerpt --><!-- AddThis Share Buttons generic via filter on get_the_excerpt --><\/p>\n","protected":false},"featured_media":11996,"comment_status":"open","ping_status":"closed","template":"","meta":{"om_disable_all_campaigns":false,"_monsterinsights_skip_tracking":false,"_monsterinsights_sitenote_active":false,"_monsterinsights_sitenote_note":"","_monsterinsights_sitenote_category":0,"_uf_show_specific_survey":0,"_uf_disable_surveys":false},"product_brand":[1217],"product_cat":[240,757,41,711,402],"product_tag":[303,299,315,329,875],"class_list":{"0":"post-9271","1":"product","2":"type-product","3":"status-publish","4":"has-post-thumbnail","6":"product_brand-ibags-belts","7":"product_cat-bolsos-bandoleras-de-cuero-artesanal","8":"product_cat-bolso-clutch","9":"product_cat-shoppers","10":"product_cat-maletin","11":"product_cat-maletin-liso","12":"product_tag-bolso-bohemian","13":"product_tag-bolso-cuero","14":"product_tag-bolso-cuero-artesano","15":"product_tag-bolso-cuero-hippie","16":"product_tag-maletin","18":"first","19":"outofstock","20":"sale","21":"shipping-taxable","22":"purchasable","23":"product-type-simple","24":"add-to-wishlist-after_add_to_cart","25":"layout-style-1","26":"col-md-4 col-sm-4 col-xs-6","27":"col-lg-3","28":"product-has-gallery","29":"product-style-default"},"aioseo_notices":[],"_links":{"self":[{"href":"https:\/\/www.ibagsbelts.com\/tienda\/wp-json\/wp\/v2\/product\/9271","targetHints":{"allow":["GET"]}}],"collection":[{"href":"https:\/\/www.ibagsbelts.com\/tienda\/wp-json\/wp\/v2\/product"}],"about":[{"href":"https:\/\/www.ibagsbelts.com\/tienda\/wp-json\/wp\/v2\/types\/product"}],"replies":[{"embeddable":true,"href":"https:\/\/www.ibagsbelts.com\/tienda\/wp-json\/wp\/v2\/comments?post=9271"}],"wp:featuredmedia":[{"embeddable":true,"href":"https:\/\/www.ibagsbelts.com\/tienda\/wp-json\/wp\/v2\/media\/11996"}],"wp:attachment":[{"href":"https:\/\/www.ibagsbelts.com\/tienda\/wp-json\/wp\/v2\/media?parent=9271"}],"wp:term":[{"taxonomy":"product_brand","embeddable":true,"href":"https:\/\/www.ibagsbelts.com\/tienda\/wp-json\/wp\/v2\/product_brand?post=9271"},{"taxonomy":"product_cat","embeddable":true,"href":"https:\/\/www.ibagsbelts.com\/tienda\/wp-json\/wp\/v2\/product_cat?post=9271"},{"taxonomy":"product_tag","embeddable":true,"href":"https:\/\/www.ibagsbelts.com\/tienda\/wp-json\/wp\/v2\/product_tag?post=9271"}],"curies":[{"name":"wp","href":"https:\/\/api.w.org\/{rel}","templated":true}]}}