{"id":9301,"date":"2020-09-14T18:41:14","date_gmt":"2020-09-14T16:41:14","guid":{"rendered":"https:\/\/www.ibagsbelts.com\/tienda\/?post_type=product&#038;p=9301"},"modified":"2026-03-15T16:14:31","modified_gmt":"2026-03-15T15:14:31","slug":"bolso-bandolera-de-piel-marron-claro","status":"publish","type":"product","link":"https:\/\/www.ibagsbelts.com\/tienda\/producto\/bolso-bandolera-de-piel-marron-claro\/","title":{"rendered":"Bolso bandolera de piel marr\u00f3n claro Petra"},"content":{"rendered":"<p style=\"text-align: left;\">Explora la autenticidad con nuestro Bolso Artesanal al estilo marroqu\u00ed, una verdadera obra de arte troquelada de forma artesanal para crear un punto de atracci\u00f3n \u00fanico. Este bolso, hecho de cuero de vaca con un toque vintage, combina estilo y funcionalidad de manera excepcional.<\/p>\n<p style=\"text-align: left;\"><strong>Caracter\u00edsticas Destacadas:<\/strong><\/p>\n<ul style=\"text-align: left;\">\n<li>Troquelado Artesanal: Todos los dibujos han sido creados de manera artesanal, haciendo de cada bolso una pieza \u00fanica.<\/li>\n<li>Estilo Vintage: El cuero de vaca a\u00f1ade un toque vintage, realzando su atractivo.<\/li>\n<\/ul>\n<p style=\"text-align: left;\"><strong>Dise\u00f1o Espacioso y Funcional:<\/strong><\/p>\n<ul style=\"text-align: left;\">\n<li>Bolsillo con Cremallera: Ofrece espacio seguro para tus pertenencias esenciales como tu monedero, llaves y DNI.<\/li>\n<li>Bolsillo bajo la tapa: Un toque adicional para organizar peque\u00f1os art\u00edculos.<\/li>\n<\/ul>\n<p style=\"text-align: left;\"><strong>Versatilidad para Todas las Ocasiones:<\/strong><\/p>\n<ul style=\"text-align: left;\">\n<li>Acompa\u00f1ante Duradero: Ideal para una excursi\u00f3n a la playa, un paseo dominical o una noche de fiesta con amigas.<\/li>\n<li>Hebillas y Cierres S\u00f3lidos: Garantizan la durabilidad y seguridad de tus pertenencias.<\/li>\n<\/ul>\n<p style=\"text-align: left;\"><strong>Especificaciones del Tama\u00f1o:<\/strong><\/p>\n<ul style=\"text-align: left;\">\n<li>Medidas: 25 cm de largo x 20 cm de alto x 7 cm de profundidad.<\/li>\n<\/ul>\n<p style=\"text-align: left;\">Este bolso no solo es un accesorio, sino una declaraci\u00f3n de estilo y artesan\u00eda. Descubre la durabilidad y el encanto \u00fanico de nuestro bolso artesanal, tu compa\u00f1ero maravilloso para cualquier ocasi\u00f3n. \u00a1Haz una declaraci\u00f3n audaz con este bolso troquelado que se destaca en cualquier multitud!<\/p>\n<p style=\"text-align: left;\"><strong>Aviso importante<\/strong><\/p>\n<p style=\"text-align: left;\">Todos nuestros productos de cuero est\u00e1n hechos a mano y su nueva bolsa de cuero puede estar sujeta a una variaci\u00f3n natural en tama\u00f1o y color.<br \/>\nPara los tama\u00f1os, permita 1-2 cm difiere debido a la medida manual.<br \/>\nLas im\u00e1genes son 100% reales.<br \/>\nDebido al monitor del ordenador y el brillo real de la toma y otras razones, habr\u00e1 una cierta diferencia de color.<\/p>\n<!-- AddThis Advanced Settings generic via filter on the_content --><!-- AddThis Share Buttons generic via filter on the_content -->","protected":false},"excerpt":{"rendered":"<h2>Este coqueto bolso es ideal para cualquier ocasi\u00f3n especial en la que quieras destacar.<\/h2>\n<h3>Con un complemento de moda adecuado a ti.\u00a0Tiene una correa larga, cubierta tallada a mano, lo que le da un toque muy artesanal.\u00a0El interior del bolso de cuero no esta forrado.\u00a0Medidas: 25 cm de largo x 20 cm de alto x 7 cm de profundidad.<\/h3>\n<h4 style=\"text-align: left;\">Este bolso no solo es un accesorio, sino una declaraci\u00f3n de estilo y artesan\u00eda. Descubre la durabilidad y el encanto \u00fanico de nuestro bolso artesanal, tu compa\u00f1ero maravilloso para cualquier ocasi\u00f3n. \u00a1Haz una declaraci\u00f3n audaz con este bolso troquelado que se destaca en cualquier multitud!<\/h4>\n<h5><a href=\"https:\/\/bit.ly\/TE-AYUDO\"><b>\u00bfAlguna duda? Ponte en contacto con nosotros a trav\u00e9s del bot\u00f3n del chat directo por WhatsApp y te resolveremos las dudas al instante<\/b><\/a><b>!<\/b><\/h5>\n<p><!-- AddThis Advanced Settings generic via filter on get_the_excerpt --><!-- AddThis Share Buttons generic via filter on get_the_excerpt --><\/p>\n","protected":false},"featured_media":10692,"comment_status":"open","ping_status":"closed","template":"","meta":{"om_disable_all_campaigns":false,"_monsterinsights_skip_tracking":false,"_monsterinsights_sitenote_active":false,"_monsterinsights_sitenote_note":"","_monsterinsights_sitenote_category":0,"_uf_show_specific_survey":0,"_uf_disable_surveys":false},"product_brand":[1217],"product_cat":[240],"product_tag":[301,877,266,299,305,315,313,329,255,353,745],"class_list":{"0":"post-9301","1":"product","2":"type-product","3":"status-publish","4":"has-post-thumbnail","6":"product_brand-ibags-belts","7":"product_cat-bolsos-bandoleras-de-cuero-artesanal","8":"product_tag-bandolera","9":"product_tag-bandoleras","10":"product_tag-bolso-bohemian-bolso-cuero-repujado-bolsos-cuero-retro-bolso-shopper-cuero-bolso-cuero-trenzado-bolso-cuero-troquelado","11":"product_tag-bolso-cuero","12":"product_tag-bolso-cuero-artesanal","13":"product_tag-bolso-cuero-artesano","14":"product_tag-bolso-cuero-hecho-a-mano","15":"product_tag-bolso-cuero-hippie","16":"product_tag-bolso-cuero-mujer","17":"product_tag-bolso-de-viaje-marroqui","18":"product_tag-estilo-hippie","20":"first","21":"instock","22":"shipping-taxable","23":"purchasable","24":"product-type-simple","25":"add-to-wishlist-after_add_to_cart","26":"layout-style-1","27":"col-md-4 col-sm-4 col-xs-6","28":"col-lg-3","29":"product-has-gallery","30":"product-style-default"},"aioseo_notices":[],"_links":{"self":[{"href":"https:\/\/www.ibagsbelts.com\/tienda\/wp-json\/wp\/v2\/product\/9301","targetHints":{"allow":["GET"]}}],"collection":[{"href":"https:\/\/www.ibagsbelts.com\/tienda\/wp-json\/wp\/v2\/product"}],"about":[{"href":"https:\/\/www.ibagsbelts.com\/tienda\/wp-json\/wp\/v2\/types\/product"}],"replies":[{"embeddable":true,"href":"https:\/\/www.ibagsbelts.com\/tienda\/wp-json\/wp\/v2\/comments?post=9301"}],"wp:featuredmedia":[{"embeddable":true,"href":"https:\/\/www.ibagsbelts.com\/tienda\/wp-json\/wp\/v2\/media\/10692"}],"wp:attachment":[{"href":"https:\/\/www.ibagsbelts.com\/tienda\/wp-json\/wp\/v2\/media?parent=9301"}],"wp:term":[{"taxonomy":"product_brand","embeddable":true,"href":"https:\/\/www.ibagsbelts.com\/tienda\/wp-json\/wp\/v2\/product_brand?post=9301"},{"taxonomy":"product_cat","embeddable":true,"href":"https:\/\/www.ibagsbelts.com\/tienda\/wp-json\/wp\/v2\/product_cat?post=9301"},{"taxonomy":"product_tag","embeddable":true,"href":"https:\/\/www.ibagsbelts.com\/tienda\/wp-json\/wp\/v2\/product_tag?post=9301"}],"curies":[{"name":"wp","href":"https:\/\/api.w.org\/{rel}","templated":true}]}}