{"id":9328,"date":"2020-09-17T16:26:37","date_gmt":"2020-09-17T14:26:37","guid":{"rendered":"https:\/\/www.ibagsbelts.com\/tienda\/?post_type=product&#038;p=9328"},"modified":"2026-03-24T13:40:01","modified_gmt":"2026-03-24T12:40:01","slug":"rinonera-cuero-unisex-5-bolsillos-cuero","status":"publish","type":"product","link":"https:\/\/www.ibagsbelts.com\/tienda\/producto\/rinonera-cuero-unisex-5-bolsillos-cuero\/","title":{"rendered":"Ri\u00f1onera cuero viajera 5 bolsillos Noor"},"content":{"rendered":"<p style=\"text-align: left;\">Explora la comodidad con nuestra Bananera de Cuero Vintage, dise\u00f1ada para tel\u00e9fonos m\u00f3viles, llaves y carteras. Este bolso de cintur\u00f3n unisex fusiona estilo retro con practicidad, siendo adecuado para todas las edades y g\u00e9neros.<\/p>\n<p style=\"text-align: left;\"><strong>Dise\u00f1o Vintage con Cinco Bolsillos:<\/strong><\/p>\n<ul style=\"text-align: left;\">\n<li>Estilo vintage que aporta un toque distintivo.<\/li>\n<li>Cinco bolsillos con cremallera: uno grande, dos medianos y dos peque\u00f1os, ofrecen versatilidad y seguridad.<\/li>\n<\/ul>\n<p style=\"text-align: left;\"><strong>Tama\u00f1o Perfecto para Viajes y Uso Diario:<\/strong><\/p>\n<ul style=\"text-align: left;\">\n<li>Ideal para viajes, asegurando un espacio perfecto para pasaportes y peque\u00f1os accesorios.<\/li>\n<li>Dimensiones compactas (23 cm x 16 cm x 7 cm) para un uso diario conveniente.<\/li>\n<\/ul>\n<p style=\"text-align: left;\"><strong>Compa\u00f1ero de Viaje y Ejercicio:<\/strong><\/p>\n<ul style=\"text-align: left;\">\n<li>Perfecto para llevar mientras viajas o haces ejercicio.<\/li>\n<li>Ofrece almacenamiento seguro para todos tus objetos esenciales.<\/li>\n<\/ul>\n<p style=\"text-align: left;\"><strong>Cintur\u00f3n Ajustable para Todos:<\/strong><\/p>\n<ul style=\"text-align: left;\">\n<li>Largo del cintur\u00f3n: 140 cm, proporcionando comodidad ajustable para todos.<\/li>\n<\/ul>\n<p style=\"text-align: left;\">Esta bananera no solo es un accesorio funcional, sino tambi\u00e9n una declaraci\u00f3n de estilo con su dise\u00f1o vintage. Mant\u00e9n tus pertenencias esenciales seguras y a la moda, ya sea en un viaje emocionante o en tu d\u00eda a d\u00eda activo. \u00a1Descubre la fusi\u00f3n perfecta de moda y funcionalidad con nuestra bananera de cuero vintage!<\/p>\n<p style=\"text-align: left;\"><strong>Aviso importante<\/strong><\/p>\n<p style=\"text-align: left;\">Todos nuestros productos de cuero est\u00e1n hechos a mano y su nueva bolsa de cuero puede estar sujeta a una variaci\u00f3n natural en tama\u00f1o y color.<br \/>\nPara los tama\u00f1os, permita 1-2 cm difiere debido a la medida manual.<br \/>\nLas im\u00e1genes son 100% reales.<br \/>\nDebido al monitor del ordenador y el brillo real de la toma y otras razones, habr\u00e1 una cierta diferencia de color.<\/p>\n<!-- AddThis Advanced Settings generic via filter on the_content --><!-- AddThis Share Buttons generic via filter on the_content -->","protected":false},"excerpt":{"rendered":"<h2><span class=\"a-list-item\">Bolsa de cintur\u00f3n unisex adecuada para todas las edades de hombres y mujeres.<\/span><\/h2>\n<p><span class=\"a-list-item\">hay 3 bolsillos perfectos para objetos peque\u00f1os, tales como tel\u00e9fonos m\u00f3viles, llaves, dinero en efectivo, barras de energ\u00eda y tarjetas de cr\u00e9dito, comodidad para su viaje.<\/span><\/p>\n<h5><strong>\u00bfAlguna duda? Ponte en contacto con nosotros a trav\u00e9s del bot\u00f3n del chat directo por whatsApp y te resolveremos las dudas al instante!<\/strong><\/h5>\n<p><!-- AddThis Advanced Settings generic via filter on get_the_excerpt --><!-- AddThis Share Buttons generic via filter on get_the_excerpt --><\/p>\n","protected":false},"featured_media":10082,"comment_status":"open","ping_status":"closed","template":"","meta":{"om_disable_all_campaigns":false,"_monsterinsights_skip_tracking":false,"_monsterinsights_sitenote_active":false,"_monsterinsights_sitenote_note":"","_monsterinsights_sitenote_category":0,"_uf_show_specific_survey":0,"_uf_disable_surveys":false},"product_brand":[1217],"product_cat":[950],"product_tag":[1135,1042,1033,737,905,753,745,746,738,795,1149,793],"class_list":{"0":"post-9328","1":"product","2":"type-product","3":"status-publish","4":"has-post-thumbnail","6":"product_brand-ibags-belts","7":"product_cat-rinoneras","8":"product_tag-accesorios-y-complementos","9":"product_tag-banana","10":"product_tag-bananas","11":"product_tag-bohochic","12":"product_tag-casual","13":"product_tag-complementos-de-cuero","14":"product_tag-estilo-hippie","15":"product_tag-estilo-hippiechic","16":"product_tag-hippie","17":"product_tag-rinonera-cuero","18":"product_tag-rinonera-moto","19":"product_tag-rinoneras","21":"first","22":"instock","23":"shipping-taxable","24":"purchasable","25":"product-type-simple","26":"add-to-wishlist-after_add_to_cart","27":"layout-style-1","28":"col-md-4 col-sm-4 col-xs-6","29":"col-lg-3","30":"product-has-gallery","31":"product-style-default"},"aioseo_notices":[],"_links":{"self":[{"href":"https:\/\/www.ibagsbelts.com\/tienda\/wp-json\/wp\/v2\/product\/9328","targetHints":{"allow":["GET"]}}],"collection":[{"href":"https:\/\/www.ibagsbelts.com\/tienda\/wp-json\/wp\/v2\/product"}],"about":[{"href":"https:\/\/www.ibagsbelts.com\/tienda\/wp-json\/wp\/v2\/types\/product"}],"replies":[{"embeddable":true,"href":"https:\/\/www.ibagsbelts.com\/tienda\/wp-json\/wp\/v2\/comments?post=9328"}],"wp:featuredmedia":[{"embeddable":true,"href":"https:\/\/www.ibagsbelts.com\/tienda\/wp-json\/wp\/v2\/media\/10082"}],"wp:attachment":[{"href":"https:\/\/www.ibagsbelts.com\/tienda\/wp-json\/wp\/v2\/media?parent=9328"}],"wp:term":[{"taxonomy":"product_brand","embeddable":true,"href":"https:\/\/www.ibagsbelts.com\/tienda\/wp-json\/wp\/v2\/product_brand?post=9328"},{"taxonomy":"product_cat","embeddable":true,"href":"https:\/\/www.ibagsbelts.com\/tienda\/wp-json\/wp\/v2\/product_cat?post=9328"},{"taxonomy":"product_tag","embeddable":true,"href":"https:\/\/www.ibagsbelts.com\/tienda\/wp-json\/wp\/v2\/product_tag?post=9328"}],"curies":[{"name":"wp","href":"https:\/\/api.w.org\/{rel}","templated":true}]}}