{"id":9329,"date":"2020-09-17T17:57:02","date_gmt":"2020-09-17T15:57:02","guid":{"rendered":"https:\/\/www.ibagsbelts.com\/tienda\/?post_type=product&#038;p=9329"},"modified":"2026-03-15T16:07:06","modified_gmt":"2026-03-15T15:07:06","slug":"mochila-de-cuero-autentico-unisex-2","status":"publish","type":"product","link":"https:\/\/www.ibagsbelts.com\/tienda\/producto\/mochila-de-cuero-autentico-unisex-2\/","title":{"rendered":"Mochila de cuero aut\u00e9ntico color negro Moira"},"content":{"rendered":"<p style=\"text-align: left;\">Sum\u00e9rgete en el encanto vintage con nuestra Mochila de Cuero Confeccionada a Mano. Este accesorio de estilo retro es la elecci\u00f3n ideal para diversas situaciones, aportando elegancia y funcionalidad a tu d\u00eda a d\u00eda.<\/p>\n<p style=\"text-align: left;\"><strong>Estilo Retro con Toque Vintage:<\/strong><\/p>\n<ul style=\"text-align: left;\">\n<li>Dise\u00f1ada para capturar la esencia de lo cl\u00e1sico con un toque aut\u00e9nticamente vintage.<\/li>\n<\/ul>\n<p style=\"text-align: left;\"><strong>Usos Vers\u00e1tiles y Pr\u00e1cticos:<\/strong><\/p>\n<ul style=\"text-align: left;\">\n<li>Perfecta como bolso diario para la universidad, el trabajo o la oficina.<\/li>\n<li>Ideal como porta documentos o malet\u00edn de trabajo, adapt\u00e1ndose a diferentes necesidades.<\/li>\n<li>Adecuada como bolsa para dispositivos como c\u00e1maras, iPad o iPhone, mostrando versatilidad.<\/li>\n<\/ul>\n<p style=\"text-align: left;\"><strong>Calidad de Piel y Elegante Dise\u00f1o:<\/strong><\/p>\n<ul style=\"text-align: left;\">\n<li>Confeccionada con cuero de alta calidad que garantiza durabilidad y sofisticaci\u00f3n.<\/li>\n<li>Su dise\u00f1o elegante a\u00f1ade un toque de distinci\u00f3n a cualquier atuendo.<\/li>\n<\/ul>\n<p style=\"text-align: left;\"><strong>Versatilidad de Uso:<\/strong><\/p>\n<ul style=\"text-align: left;\">\n<li>Apropiada para mujeres, adolescentes y hombres en diversas situaciones cotidianas.<\/li>\n<li>Desde paseos por la ciudad hasta noches en la discoteca, se adapta a cualquier ocasi\u00f3n.<\/li>\n<\/ul>\n<p style=\"text-align: left;\"><strong>Medidas Exteriores Ajustadas:<\/strong><\/p>\n<ul style=\"text-align: left;\">\n<li>30 cm de ancho, 38 cm de alto y 9 cm de profundidad para un equilibrio perfecto entre estilo y funcionalidad.<\/li>\n<\/ul>\n<p style=\"text-align: left;\">Esta mochila es mucho m\u00e1s que un accesorio; es una declaraci\u00f3n de estilo que combina la artesan\u00eda con la practicidad, a\u00f1adiendo un toque distintivo a cada paso que das. \u00a1D\u00e9jala ser tu compa\u00f1era en cada aventura!<\/p>\n<p style=\"text-align: left;\"><strong>Aviso importante<\/strong><\/p>\n<p>Todos nuestros productos de cuero est\u00e1n hechos a mano y su nueva bolsa de cuero puede estar sujeta a una variaci\u00f3n natural en tama\u00f1o y color.<br \/>\nPara los tama\u00f1os, permita 1-2 cm difiere debido a la medida manual.<br \/>\nLas im\u00e1genes son 100% reales.<br \/>\nDebido al monitor del ordenador y el brillo real de la toma y otras razones, habr\u00e1 una cierta diferencia de color.<\/p>\n<!-- AddThis Advanced Settings generic via filter on the_content --><!-- AddThis Share Buttons generic via filter on the_content -->","protected":false},"excerpt":{"rendered":"<h2><span class=\"a-list-item\">Esta mochila de cuero confeccionado a mano, de estilo retro con un toque verdaderamente vintage.<\/span><\/h2>\n<p><span class=\"a-list-item\">Es un accesorio ideal ya que puede usarse como bolso diario para la universidad, el trabajo, la oficina, para citas de negocios.\u00a0<\/span><span class=\"a-list-item\">Realmente apropiada como mochila de uso diario de mujeres, adolescentes y para hombres, para pasear por la ciudad, como mochila, para ir a la discoteca, como regalo. Elaborada en cuero de un color negro.<\/span><\/p>\n<p><span class=\"a-list-item\"><strong>Medidas exteriores<\/strong>: 30 cm de ancho, 38 cm de alto, 9 cm de profundidad<\/span><\/p>\n<div class=\"woocommerce-product-details__short-description\">\n<h5><strong>\u00bfAlguna duda? Ponte en contacto con nosotros a trav\u00e9s del bot\u00f3n del chat directo por whatsA<\/strong><strong>pp y te resolveremos las dudas al instante!<\/strong><\/h5>\n<\/div>\n<p><!-- AddThis Advanced Settings generic via filter on get_the_excerpt --><!-- AddThis Share Buttons generic via filter on get_the_excerpt --><\/p>\n","protected":false},"featured_media":17315,"comment_status":"open","ping_status":"closed","template":"","meta":{"om_disable_all_campaigns":false,"_monsterinsights_skip_tracking":false,"_monsterinsights_sitenote_active":false,"_monsterinsights_sitenote_note":"","_monsterinsights_sitenote_category":0,"_uf_show_specific_survey":0,"_uf_disable_surveys":false},"product_brand":[1217],"product_cat":[400],"product_tag":[905,753,275,310,269,352,1099,347,354,1136,874,1100,1101,325,304],"class_list":{"0":"post-9329","1":"product","2":"type-product","3":"status-publish","4":"has-post-thumbnail","6":"product_brand-ibags-belts","7":"product_cat-mochilas-medianas","8":"product_tag-casual","9":"product_tag-complementos-de-cuero","10":"product_tag-mochila-de-cuero-para-hombre-bolso-de-cuero-para-mujer-bolso-de-cuero-hecho-a-mano-bolso-cuero-grabado-bolso-cuero-hombre-artesanal-bolso-cuero-hecho-a-mano-bolsos-cuero-y-kilim","11":"product_tag-mochila-cuero","12":"product_tag-bolso-de-cuero-para-hombre-bolso-de-cuero-para-mujer-bolso-de-cuero-hecho-a-mano-bolso-cuero-grabado-bolso-cuero-hombre-artesanal-bolso-cuero-hecho-a-mano-bolsos-cuero-y-kilim-bolso-cuero-mochila","13":"product_tag-mochila-dos-cremalleras-marroqui","14":"product_tag-mochila-heavy","15":"product_tag-mochila-hecho-a-mano","16":"product_tag-mochila-moto-cuero","17":"product_tag-mochila-piel","18":"product_tag-mochila-remaches","19":"product_tag-mochila-rock","20":"product_tag-mochila-tachas","21":"product_tag-mochilas","22":"product_tag-mochilas-cuero-con-cremalleras","24":"first","25":"outofstock","26":"shipping-taxable","27":"purchasable","28":"product-type-simple","29":"add-to-wishlist-after_add_to_cart","30":"layout-style-1","31":"col-md-4 col-sm-4 col-xs-6","32":"col-lg-3","33":"product-has-gallery","34":"product-style-default"},"aioseo_notices":[],"_links":{"self":[{"href":"https:\/\/www.ibagsbelts.com\/tienda\/wp-json\/wp\/v2\/product\/9329","targetHints":{"allow":["GET"]}}],"collection":[{"href":"https:\/\/www.ibagsbelts.com\/tienda\/wp-json\/wp\/v2\/product"}],"about":[{"href":"https:\/\/www.ibagsbelts.com\/tienda\/wp-json\/wp\/v2\/types\/product"}],"replies":[{"embeddable":true,"href":"https:\/\/www.ibagsbelts.com\/tienda\/wp-json\/wp\/v2\/comments?post=9329"}],"wp:featuredmedia":[{"embeddable":true,"href":"https:\/\/www.ibagsbelts.com\/tienda\/wp-json\/wp\/v2\/media\/17315"}],"wp:attachment":[{"href":"https:\/\/www.ibagsbelts.com\/tienda\/wp-json\/wp\/v2\/media?parent=9329"}],"wp:term":[{"taxonomy":"product_brand","embeddable":true,"href":"https:\/\/www.ibagsbelts.com\/tienda\/wp-json\/wp\/v2\/product_brand?post=9329"},{"taxonomy":"product_cat","embeddable":true,"href":"https:\/\/www.ibagsbelts.com\/tienda\/wp-json\/wp\/v2\/product_cat?post=9329"},{"taxonomy":"product_tag","embeddable":true,"href":"https:\/\/www.ibagsbelts.com\/tienda\/wp-json\/wp\/v2\/product_tag?post=9329"}],"curies":[{"name":"wp","href":"https:\/\/api.w.org\/{rel}","templated":true}]}}