{"id":977,"date":"2017-10-31T18:17:54","date_gmt":"2017-10-31T17:17:54","guid":{"rendered":"http:\/\/www.ibagsbelts.com\/?post_type=product&#038;p=977"},"modified":"2026-03-15T21:34:20","modified_gmt":"2026-03-15T20:34:20","slug":"mochila-de-cuero-hombre-segovia","status":"publish","type":"product","link":"https:\/\/www.ibagsbelts.com\/tienda\/producto\/mochila-de-cuero-hombre-segovia\/","title":{"rendered":"Mochila de cuero mediana Segovia"},"content":{"rendered":"<p style=\"text-align: left;\">No importa a d\u00f3nde te dirijas, esta mochila es la compa\u00f1era perfecta. Ya sea en viajes lejanos, escapadas de fin de semana o simplemente en tu rutina diaria al gimnasio, esta mochila vers\u00e1til est\u00e1 lista para seguirte.<\/p>\n<p style=\"text-align: left;\">Robusta y pr\u00e1ctica, esta mochila no solo es resistente sino tambi\u00e9n sorprendentemente c\u00f3moda. Con su amplio espacio interior, ofrece practicidad sin sacrificar la comodidad gracias a su dise\u00f1o ligero.<\/p>\n<p style=\"text-align: left;\">Ll\u00e9vala a la espalda para obtener un toque retro y deja que te acompa\u00f1e en cada momento y a cualquier lugar. Esta mochila est\u00e1 dise\u00f1ada para adaptarse a tu estilo de vida activo, asegurando que est\u00e9s bien equipado y con estilo, ya sea en tus aventuras cotidianas o en tus viajes m\u00e1s emocionantes.<\/p>\n<p style=\"text-align: left;\"><strong>Aviso importante<\/strong><\/p>\n<p style=\"text-align: left;\">Todos nuestros productos de cuero est\u00e1n hechos a mano y su nueva bolsa de cuero puede estar sujeta a una variaci\u00f3n natural en tama\u00f1o y color.<br \/>\nPara los tama\u00f1os, permita 1-2 cm difiere debido a la medida manual.<br \/>\nLas im\u00e1genes son 100% reales.<br \/>\nDebido al monitor del ordenador y el brillo real de la toma y otras razones, habr\u00e1 una cierta diferencia de color.<\/p>\n<!-- AddThis Advanced Settings generic via filter on the_content --><!-- AddThis Share Buttons generic via filter on the_content -->","protected":false},"excerpt":{"rendered":"<h2 style=\"text-align: center;\">Da igual a donde viajes, esta mochila es el candidata perfecta como acompa\u00f1ante.<\/h2>\n<h3 style=\"text-align: center;\">Le seguir\u00e1 a viajes lejanos, a viajes de fin de semana o simplemente al gimnasio.\u00a0Es robusta y pr\u00e1ctica, pero tambi\u00e9n muy c\u00f3moda, ya que es muy espaciosa, pero a su vez esta hecha de manera que resulta ligera a la hora de llevarla.<\/h3>\n<h5><strong>\u00bfAlguna duda? Ponte en contacto con nosotros a trav\u00e9s del bot\u00f3n del chat directo por whatsApp y te resolveremos las dudas al instante!<\/strong><\/h5>\n<p><!-- AddThis Advanced Settings generic via filter on get_the_excerpt --><!-- AddThis Share Buttons generic via filter on get_the_excerpt --><\/p>\n","protected":false},"featured_media":10629,"comment_status":"open","ping_status":"closed","template":"","meta":{"om_disable_all_campaigns":false,"_monsterinsights_skip_tracking":false,"_monsterinsights_sitenote_active":false,"_monsterinsights_sitenote_note":"","_monsterinsights_sitenote_category":0,"_uf_show_specific_survey":0,"_uf_disable_surveys":false},"product_brand":[1217],"product_cat":[400],"product_tag":[275,322,310,311,352,347,357,349,325,304],"class_list":{"0":"post-977","1":"product","2":"type-product","3":"status-publish","4":"has-post-thumbnail","6":"product_brand-ibags-belts","7":"product_cat-mochilas-medianas","8":"product_tag-mochila-de-cuero-para-hombre-bolso-de-cuero-para-mujer-bolso-de-cuero-hecho-a-mano-bolso-cuero-grabado-bolso-cuero-hombre-artesanal-bolso-cuero-hecho-a-mano-bolsos-cuero-y-kilim","9":"product_tag-mochila-clasica-marroqui","10":"product_tag-mochila-cuero","11":"product_tag-mochila-cuero-marroqui","12":"product_tag-mochila-dos-cremalleras-marroqui","13":"product_tag-mochila-hecho-a-mano","14":"product_tag-mochila-lisa-marroqui","15":"product_tag-mochila-marruecos","16":"product_tag-mochilas","17":"product_tag-mochilas-cuero-con-cremalleras","19":"first","20":"instock","21":"shipping-taxable","22":"purchasable","23":"product-type-variable","24":"add-to-wishlist-after_add_to_cart","25":"layout-style-1","26":"col-md-4 col-sm-4 col-xs-6","27":"col-lg-3","28":"product-has-gallery","29":"product-style-default"},"aioseo_notices":[],"_links":{"self":[{"href":"https:\/\/www.ibagsbelts.com\/tienda\/wp-json\/wp\/v2\/product\/977","targetHints":{"allow":["GET"]}}],"collection":[{"href":"https:\/\/www.ibagsbelts.com\/tienda\/wp-json\/wp\/v2\/product"}],"about":[{"href":"https:\/\/www.ibagsbelts.com\/tienda\/wp-json\/wp\/v2\/types\/product"}],"replies":[{"embeddable":true,"href":"https:\/\/www.ibagsbelts.com\/tienda\/wp-json\/wp\/v2\/comments?post=977"}],"wp:featuredmedia":[{"embeddable":true,"href":"https:\/\/www.ibagsbelts.com\/tienda\/wp-json\/wp\/v2\/media\/10629"}],"wp:attachment":[{"href":"https:\/\/www.ibagsbelts.com\/tienda\/wp-json\/wp\/v2\/media?parent=977"}],"wp:term":[{"taxonomy":"product_brand","embeddable":true,"href":"https:\/\/www.ibagsbelts.com\/tienda\/wp-json\/wp\/v2\/product_brand?post=977"},{"taxonomy":"product_cat","embeddable":true,"href":"https:\/\/www.ibagsbelts.com\/tienda\/wp-json\/wp\/v2\/product_cat?post=977"},{"taxonomy":"product_tag","embeddable":true,"href":"https:\/\/www.ibagsbelts.com\/tienda\/wp-json\/wp\/v2\/product_tag?post=977"}],"curies":[{"name":"wp","href":"https:\/\/api.w.org\/{rel}","templated":true}]}}